{"id":629,"date":"2022-02-21T07:57:22","date_gmt":"2022-02-21T07:57:22","guid":{"rendered":"http:\/\/tiendabaldini.com.ar\/?post_type=product&#038;p=629"},"modified":"2022-02-21T08:00:51","modified_gmt":"2022-02-21T08:00:51","slug":"zoledron-x-10-cc-3759","status":"publish","type":"product","link":"https:\/\/tiendabaldini.com.ar\/index.php\/product\/zoledron-x-10-cc-3759\/","title":{"rendered":"ZOLEDRON X 10 cc (3759)"},"content":{"rendered":"<p><strong>Descripci\u00f3n:<\/strong><\/p>\n<p>Potente Bifosfonato de tercera generaci\u00f3n. Regulador del metabolismo osteo-articular. Inyectable.<\/p>\n<p><strong>Indicaciones:<\/strong><\/p>\n<p>Terapia de apoyo y coadyuvante en los tratamientos espec\u00edficos de patolog\u00edas osteo-articulares asociados a procesos de disfunci\u00f3n del metabolismo \u00f3seo, como por ejemplo: artrosis y artritis en general. Esparav\u00e1n \u00f3seo y en el s\u00edndrome navicular de menos de 6 meses. Sobreca\u00f1as. Artrosis transversa de columna. Fracturas. Aceleraci\u00f3n de madurez \u00f3seo. Oste\u00edtis de tercera falange. Sesamoiditis. Intolerancia al ejercicio por inmadurez osteo articular. S\u00edndrome de debilidad \u00f3sea. \u00d3steo condritis disecante (O.C.D.). Epifisitis.<\/p>\n<ul>\n<li>Presentaci\u00f3n: Caja con 1 frasco liofilizado y 1 diluyente.<\/li>\n<\/ul>\n","protected":false},"excerpt":{"rendered":"<p><strong>Descripci\u00f3n:<\/strong><\/p>\n<p>Potente Bifosfonato de tercera generaci\u00f3n. Regulador del metabolismo osteo-articular. Inyectable.<\/p>\n<p><strong>Indicaciones:<\/strong><\/p>\n<p>Terapia de apoyo y coadyuvante en los tratamientos espec\u00edficos de patolog\u00edas osteo-articulares asociados a procesos de disfunci\u00f3n del metabolismo \u00f3seo, como por ejemplo: artrosis y artritis en general. Esparav\u00e1n \u00f3seo y en el s\u00edndrome navicular de menos de 6 meses. Sobreca\u00f1as. Artrosis transversa de columna. Fracturas. Aceleraci\u00f3n de madurez \u00f3seo. Oste\u00edtis de tercera falange. Sesamoiditis. Intolerancia al ejercicio por inmadurez \u00f3steo articular. S\u00edndrome de debilidad \u00f3sea. \u00d3steo condritis disecante (O.C.D.). Epifisitis.<\/p>\n<ul>\n<li>Presentaci\u00f3n: Caja con 1 frasco liofilizado y 1 diluyente.<\/li>\n<\/ul>\n","protected":false},"featured_media":630,"template":"","meta":[],"product_cat":[19,41],"product_tag":[44,42,78],"_links":{"self":[{"href":"https:\/\/tiendabaldini.com.ar\/index.php\/wp-json\/wp\/v2\/product\/629"}],"collection":[{"href":"https:\/\/tiendabaldini.com.ar\/index.php\/wp-json\/wp\/v2\/product"}],"about":[{"href":"https:\/\/tiendabaldini.com.ar\/index.php\/wp-json\/wp\/v2\/types\/product"}],"wp:featuredmedia":[{"embeddable":true,"href":"https:\/\/tiendabaldini.com.ar\/index.php\/wp-json\/wp\/v2\/media\/630"}],"wp:attachment":[{"href":"https:\/\/tiendabaldini.com.ar\/index.php\/wp-json\/wp\/v2\/media?parent=629"}],"wp:term":[{"taxonomy":"product_cat","embeddable":true,"href":"https:\/\/tiendabaldini.com.ar\/index.php\/wp-json\/wp\/v2\/product_cat?post=629"},{"taxonomy":"product_tag","embeddable":true,"href":"https:\/\/tiendabaldini.com.ar\/index.php\/wp-json\/wp\/v2\/product_tag?post=629"}],"curies":[{"name":"wp","href":"https:\/\/api.w.org\/{rel}","templated":true}]}}