{"id":626,"date":"2022-02-21T07:54:31","date_gmt":"2022-02-21T07:54:31","guid":{"rendered":"http:\/\/tiendabaldini.com.ar\/?post_type=product&#038;p=626"},"modified":"2022-05-05T07:02:15","modified_gmt":"2022-05-05T07:02:15","slug":"workalin-x-250-ml-topico-0056","status":"publish","type":"product","link":"https:\/\/tiendabaldini.com.ar\/index.php\/product\/workalin-x-250-ml-topico-0056\/","title":{"rendered":"WORKALIN X 250 ML t\u00f3pico (0056)"},"content":{"rendered":"<p><strong>Descripci\u00f3n:<\/strong><\/p>\n<p>Revulsivo. T\u00f3pico.<\/p>\n<p><strong>Indicaciones:<\/strong><\/p>\n<p>Procesos inflamatorios cr\u00f3nicos de los sistemas \u00f3seo, muscular y tendinoso. Ejemplo: oste\u00edtis, esparav\u00e1n, tendinitis, bursitis, osteoartritis, etc. Reduce callosidades y sobrehuesos, estimula la circulaci\u00f3n, en el tratamiento de la ti\u00f1a.<\/p>\n<p><strong>Presentaci\u00f3n:<\/strong><\/p>\n<ul>\n<li>Envase x 250 ml.<\/li>\n<\/ul>\n","protected":false},"excerpt":{"rendered":"<p><strong>Descripci\u00f3n:<\/strong><\/p>\n<p>Revulsivo. T\u00f3pico.<\/p>\n<p><strong>Indicaciones:<\/strong><\/p>\n<p>Procesos inflamatorios cr\u00f3nicos de los sistemas \u00f3seo, muscular y tendinoso. Ejemplo: oste\u00edtis, esparav\u00e1n, tendinitis, bursitis, osteoartritis, etc. Reduce callosidades y sobrehuesos, estimula la circulaci\u00f3n, en el tratamiento de la ti\u00f1a.<\/p>\n<p><strong>Presentaci\u00f3n:<\/strong><\/p>\n<ul>\n<li>Envase x 250 ml.<\/li>\n<\/ul>\n","protected":false},"featured_media":627,"template":"","meta":[],"product_cat":[19,41],"product_tag":[44,42,101,102],"_links":{"self":[{"href":"https:\/\/tiendabaldini.com.ar\/index.php\/wp-json\/wp\/v2\/product\/626"}],"collection":[{"href":"https:\/\/tiendabaldini.com.ar\/index.php\/wp-json\/wp\/v2\/product"}],"about":[{"href":"https:\/\/tiendabaldini.com.ar\/index.php\/wp-json\/wp\/v2\/types\/product"}],"wp:featuredmedia":[{"embeddable":true,"href":"https:\/\/tiendabaldini.com.ar\/index.php\/wp-json\/wp\/v2\/media\/627"}],"wp:attachment":[{"href":"https:\/\/tiendabaldini.com.ar\/index.php\/wp-json\/wp\/v2\/media?parent=626"}],"wp:term":[{"taxonomy":"product_cat","embeddable":true,"href":"https:\/\/tiendabaldini.com.ar\/index.php\/wp-json\/wp\/v2\/product_cat?post=626"},{"taxonomy":"product_tag","embeddable":true,"href":"https:\/\/tiendabaldini.com.ar\/index.php\/wp-json\/wp\/v2\/product_tag?post=626"}],"curies":[{"name":"wp","href":"https:\/\/api.w.org\/{rel}","templated":true}]}}