{"id":620,"date":"2022-02-21T07:48:41","date_gmt":"2022-02-21T07:48:41","guid":{"rendered":"http:\/\/tiendabaldini.com.ar\/?post_type=product&#038;p=620"},"modified":"2022-05-05T07:03:22","modified_gmt":"2022-05-05T07:03:22","slug":"vitamina-b-15-agropharma-3723","status":"publish","type":"product","link":"https:\/\/tiendabaldini.com.ar\/index.php\/product\/vitamina-b-15-agropharma-3723\/","title":{"rendered":"VITAMINA B 15 Agropharma (3723)"},"content":{"rendered":"<p><strong>Descripci\u00f3n:<\/strong><\/p>\n<p>Vitam\u00ednico. Inyectable.<\/p>\n<p><strong>Indicaciones:<\/strong><\/p>\n<p>Aumenta la creatinina muscular, especialmente en el m\u00fasculo card\u00edaco, mejorando la utilizaci\u00f3n del ox\u00edgeno por el metabolismo muscular.<\/p>\n<p><strong>Presentaci\u00f3n:<\/strong><\/p>\n<ul>\n<li>Envase x 100 ml.<\/li>\n<\/ul>\n","protected":false},"excerpt":{"rendered":"<p><strong>Descripci\u00f3n:<\/strong><\/p>\n<p>Vitam\u00ednico. Inyectable.<\/p>\n<p><strong>Indicaciones:<\/strong><\/p>\n<p>Aumenta la creatinina muscular, especialmente en el m\u00fasculo card\u00edaco, mejorando la utilizaci\u00f3n del ox\u00edgeno por el metabolismo muscular.<\/p>\n<p><strong>Presentaci\u00f3n:<\/strong><\/p>\n<ul>\n<li>Envase x 100 ml.<\/li>\n<\/ul>\n","protected":false},"featured_media":621,"template":"","meta":[],"product_cat":[194,19,41],"product_tag":[44,42,78,45],"_links":{"self":[{"href":"https:\/\/tiendabaldini.com.ar\/index.php\/wp-json\/wp\/v2\/product\/620"}],"collection":[{"href":"https:\/\/tiendabaldini.com.ar\/index.php\/wp-json\/wp\/v2\/product"}],"about":[{"href":"https:\/\/tiendabaldini.com.ar\/index.php\/wp-json\/wp\/v2\/types\/product"}],"wp:featuredmedia":[{"embeddable":true,"href":"https:\/\/tiendabaldini.com.ar\/index.php\/wp-json\/wp\/v2\/media\/621"}],"wp:attachment":[{"href":"https:\/\/tiendabaldini.com.ar\/index.php\/wp-json\/wp\/v2\/media?parent=620"}],"wp:term":[{"taxonomy":"product_cat","embeddable":true,"href":"https:\/\/tiendabaldini.com.ar\/index.php\/wp-json\/wp\/v2\/product_cat?post=620"},{"taxonomy":"product_tag","embeddable":true,"href":"https:\/\/tiendabaldini.com.ar\/index.php\/wp-json\/wp\/v2\/product_tag?post=620"}],"curies":[{"name":"wp","href":"https:\/\/api.w.org\/{rel}","templated":true}]}}