{"id":617,"date":"2022-02-21T07:43:25","date_gmt":"2022-02-21T07:43:25","guid":{"rendered":"http:\/\/tiendabaldini.com.ar\/?post_type=product&#038;p=617"},"modified":"2022-05-05T07:04:14","modified_gmt":"2022-05-05T07:04:14","slug":"toniquetas-0051","status":"publish","type":"product","link":"https:\/\/tiendabaldini.com.ar\/index.php\/product\/toniquetas-0051\/","title":{"rendered":"TONIQUETAS (0051)"},"content":{"rendered":"<p><strong>Descripci\u00f3n:<\/strong><\/p>\n<p>Estimulante. Inyectable.<\/p>\n<p><strong>Indicaciones:<\/strong><\/p>\n<p>T\u00f3nico neuromuscular. Activante de la funci\u00f3n card\u00edaca. Reparador energ\u00e9tico, recomendado en los estados de agotamiento f\u00edsico, etc.<\/p>\n<p><strong>Presentaci\u00f3n:<\/strong><\/p>\n<ul>\n<li>Frasco ampolla x 50 ml.<\/li>\n<\/ul>\n","protected":false},"excerpt":{"rendered":"<p><strong>Descripci\u00f3n:<\/strong><\/p>\n<p>Estimulante. Inyectable.<\/p>\n<p><strong>Indicaciones:<\/strong><\/p>\n<p>T\u00f3nico neuromuscular. Activante de la funci\u00f3n card\u00edaca. Reparador energ\u00e9tico, recomendado en los estados de agotamiento f\u00edsico, etc.<\/p>\n<p><strong>Presentaci\u00f3n:<\/strong><\/p>\n<ul>\n<li>Frasco ampolla x 50 ml.<\/li>\n<\/ul>\n","protected":false},"featured_media":619,"template":"","meta":[],"product_cat":[19,41],"product_tag":[44,55,78],"_links":{"self":[{"href":"https:\/\/tiendabaldini.com.ar\/index.php\/wp-json\/wp\/v2\/product\/617"}],"collection":[{"href":"https:\/\/tiendabaldini.com.ar\/index.php\/wp-json\/wp\/v2\/product"}],"about":[{"href":"https:\/\/tiendabaldini.com.ar\/index.php\/wp-json\/wp\/v2\/types\/product"}],"wp:featuredmedia":[{"embeddable":true,"href":"https:\/\/tiendabaldini.com.ar\/index.php\/wp-json\/wp\/v2\/media\/619"}],"wp:attachment":[{"href":"https:\/\/tiendabaldini.com.ar\/index.php\/wp-json\/wp\/v2\/media?parent=617"}],"wp:term":[{"taxonomy":"product_cat","embeddable":true,"href":"https:\/\/tiendabaldini.com.ar\/index.php\/wp-json\/wp\/v2\/product_cat?post=617"},{"taxonomy":"product_tag","embeddable":true,"href":"https:\/\/tiendabaldini.com.ar\/index.php\/wp-json\/wp\/v2\/product_tag?post=617"}],"curies":[{"name":"wp","href":"https:\/\/api.w.org\/{rel}","templated":true}]}}