{"id":615,"date":"2022-02-21T07:39:46","date_gmt":"2022-02-21T07:39:46","guid":{"rendered":"http:\/\/tiendabaldini.com.ar\/?post_type=product&#038;p=615"},"modified":"2022-05-05T07:05:28","modified_gmt":"2022-05-05T07:05:28","slug":"reumalisina-200-iny-0049","status":"publish","type":"product","link":"https:\/\/tiendabaldini.com.ar\/index.php\/product\/reumalisina-200-iny-0049\/","title":{"rendered":"REUMALISINA 200 INY (0049)"},"content":{"rendered":"<p><strong>Descripci\u00f3n:<\/strong><\/p>\n<p>Analg\u00e9sico. Antiflog\u00edstico. Antipir\u00e9tico. Antiinflamatorio. Inyectable.<\/p>\n<p><strong>Indicaciones:<\/strong><\/p>\n<p>Procesos artr\u00edticos en general. Procesos antiinflamatorios, agudos o cr\u00f3nicos del m\u00fasculo esquel\u00e9tico. En esfuerzos y contusiones. Mialgia, neuralgias, etc.<\/p>\n<p><strong>Presentaci\u00f3n:<\/strong><\/p>\n<ul>\n<li>Frasco x 100 ml.<\/li>\n<\/ul>\n","protected":false},"excerpt":{"rendered":"<p><strong>Descripci\u00f3n:<\/strong><\/p>\n<p>Analg\u00e9sico. Antiflog\u00edstico. Antipir\u00e9tico. Antiinflamatorio. Inyectable.<\/p>\n<p><strong>Indicaciones:<\/strong><\/p>\n<p>Procesos artr\u00edticos en general. Procesos antiinflamatorios, agudos o cr\u00f3nicos del m\u00fasculo esquel\u00e9tico. En esfuerzos y contusiones. Mialgia, neuralgias, etc.<\/p>\n<p><strong>Presentaci\u00f3n:<\/strong><\/p>\n<ul>\n<li>Frasco x 100 ml.<\/li>\n<\/ul>\n","protected":false},"featured_media":616,"template":"","meta":[],"product_cat":[19,28,41],"product_tag":[44,79,82,38,86,42,78],"_links":{"self":[{"href":"https:\/\/tiendabaldini.com.ar\/index.php\/wp-json\/wp\/v2\/product\/615"}],"collection":[{"href":"https:\/\/tiendabaldini.com.ar\/index.php\/wp-json\/wp\/v2\/product"}],"about":[{"href":"https:\/\/tiendabaldini.com.ar\/index.php\/wp-json\/wp\/v2\/types\/product"}],"wp:featuredmedia":[{"embeddable":true,"href":"https:\/\/tiendabaldini.com.ar\/index.php\/wp-json\/wp\/v2\/media\/616"}],"wp:attachment":[{"href":"https:\/\/tiendabaldini.com.ar\/index.php\/wp-json\/wp\/v2\/media?parent=615"}],"wp:term":[{"taxonomy":"product_cat","embeddable":true,"href":"https:\/\/tiendabaldini.com.ar\/index.php\/wp-json\/wp\/v2\/product_cat?post=615"},{"taxonomy":"product_tag","embeddable":true,"href":"https:\/\/tiendabaldini.com.ar\/index.php\/wp-json\/wp\/v2\/product_tag?post=615"}],"curies":[{"name":"wp","href":"https:\/\/api.w.org\/{rel}","templated":true}]}}