{"id":613,"date":"2022-02-21T07:36:56","date_gmt":"2022-02-21T07:36:56","guid":{"rendered":"http:\/\/tiendabaldini.com.ar\/?post_type=product&#038;p=613"},"modified":"2022-05-05T07:06:05","modified_gmt":"2022-05-05T07:06:05","slug":"oxiton-ovulos-0045","status":"publish","type":"product","link":"https:\/\/tiendabaldini.com.ar\/index.php\/product\/oxiton-ovulos-0045\/","title":{"rendered":"OXITON OVULOS (0045)"},"content":{"rendered":"<p><strong>Descripci\u00f3n:<\/strong><\/p>\n<p>Antibi\u00f3tico quimioter\u00e1pico con enzimas. \u00d3vulos efervescentes.<\/p>\n<p><strong>Indicaciones:<\/strong><\/p>\n<p>Prevenci\u00f3n y tratamiento de los procesos infecciosos de las v\u00edas uterinas. Metritis. Endometritis. Retenci\u00f3n de placenta. Abortos. Vaginitis. Pi\u00f3metras. Infecciones secundarias posteriores a ces\u00e1reas, fetotomias, etc., en grandes y peque\u00f1os animales.<\/p>\n<p><strong>Presentaci\u00f3n:<\/strong><\/p>\n<ul>\n<li>Caja x 60 \u00f3vulos.<\/li>\n<\/ul>\n","protected":false},"excerpt":{"rendered":"<p><strong>Descripci\u00f3n:<\/strong><\/p>\n<p>Antibi\u00f3tico quimioter\u00e1pico con enzimas. \u00d3vulos efervescentes.<\/p>\n<p><strong>Indicaciones:<\/strong><\/p>\n<p>Prevenci\u00f3n y tratamiento de los procesos infecciosos de las v\u00edas uterinas. Metritis. Endometritis. Retenci\u00f3n de placenta. Abortos. Vaginitis. Pi\u00f3metras. Infecciones secundarias posteriores a ces\u00e1reas, fetotomias, etc., en grandes y peque\u00f1os animales.<\/p>\n<p><strong>Presentaci\u00f3n:<\/strong><\/p>\n<ul>\n<li>Caja x 60 \u00f3vulos.<\/li>\n<\/ul>\n","protected":false},"featured_media":614,"template":"","meta":[],"product_cat":[19,29,41],"product_tag":[44,75,42],"_links":{"self":[{"href":"https:\/\/tiendabaldini.com.ar\/index.php\/wp-json\/wp\/v2\/product\/613"}],"collection":[{"href":"https:\/\/tiendabaldini.com.ar\/index.php\/wp-json\/wp\/v2\/product"}],"about":[{"href":"https:\/\/tiendabaldini.com.ar\/index.php\/wp-json\/wp\/v2\/types\/product"}],"wp:featuredmedia":[{"embeddable":true,"href":"https:\/\/tiendabaldini.com.ar\/index.php\/wp-json\/wp\/v2\/media\/614"}],"wp:attachment":[{"href":"https:\/\/tiendabaldini.com.ar\/index.php\/wp-json\/wp\/v2\/media?parent=613"}],"wp:term":[{"taxonomy":"product_cat","embeddable":true,"href":"https:\/\/tiendabaldini.com.ar\/index.php\/wp-json\/wp\/v2\/product_cat?post=613"},{"taxonomy":"product_tag","embeddable":true,"href":"https:\/\/tiendabaldini.com.ar\/index.php\/wp-json\/wp\/v2\/product_tag?post=613"}],"curies":[{"name":"wp","href":"https:\/\/api.w.org\/{rel}","templated":true}]}}