{"id":611,"date":"2022-02-21T07:27:38","date_gmt":"2022-02-21T07:27:38","guid":{"rendered":"http:\/\/tiendabaldini.com.ar\/?post_type=product&#038;p=611"},"modified":"2022-05-05T07:06:42","modified_gmt":"2022-05-05T07:06:42","slug":"oli-vit-se-x-500-ml-4001","status":"publish","type":"product","link":"https:\/\/tiendabaldini.com.ar\/index.php\/product\/oli-vit-se-x-500-ml-4001\/","title":{"rendered":"OLI-VIT SE x 500 ml (4001)"},"content":{"rendered":"<p><strong>Descripci\u00f3n:<\/strong><\/p>\n<p>Reconstituyente, calcificante vitaminado con amino\u00e1cidos. Inyectable.<\/p>\n<p><strong>Indicaciones:<\/strong><\/p>\n<p>Prevenci\u00f3n y tratamiento de estados carenciales y precarenciales de vitaminas, minerales y amino\u00e1cidos. Crecimiento y engorde. Reconstituyente general. Modificador org\u00e1nico de animales con estado deficiente. Para bovinos, equinos, ovinos y porcinos.<\/p>\n<p><strong>Presentaci\u00f3n:<\/strong><\/p>\n<ul>\n<li>Frasco x 500 ml.<\/li>\n<\/ul>\n","protected":false},"excerpt":{"rendered":"<p><strong>Descripci\u00f3n:<\/strong><\/p>\n<p>Reconstituyente, calcificante vitaminado con amino\u00e1cidos. Inyectable.<\/p>\n<p><strong>Indicaciones:<\/strong><\/p>\n<p>Prevenci\u00f3n y tratamiento de estados carenciales y precarenciales de vitaminas, minerales y amino\u00e1cidos. Crecimiento y engorde. Reconstituyente general. Modificador org\u00e1nico de animales con estado deficiente. Para bovinos, equinos, ovinos y porcinos.<\/p>\n<p><strong>Presentaci\u00f3n:<\/strong><\/p>\n<ul>\n<li>Frasco x 500 ml.<\/li>\n<\/ul>\n","protected":false},"featured_media":612,"template":"","meta":[],"product_cat":[194,19,41],"product_tag":[44,100,42,78,76],"_links":{"self":[{"href":"https:\/\/tiendabaldini.com.ar\/index.php\/wp-json\/wp\/v2\/product\/611"}],"collection":[{"href":"https:\/\/tiendabaldini.com.ar\/index.php\/wp-json\/wp\/v2\/product"}],"about":[{"href":"https:\/\/tiendabaldini.com.ar\/index.php\/wp-json\/wp\/v2\/types\/product"}],"wp:featuredmedia":[{"embeddable":true,"href":"https:\/\/tiendabaldini.com.ar\/index.php\/wp-json\/wp\/v2\/media\/612"}],"wp:attachment":[{"href":"https:\/\/tiendabaldini.com.ar\/index.php\/wp-json\/wp\/v2\/media?parent=611"}],"wp:term":[{"taxonomy":"product_cat","embeddable":true,"href":"https:\/\/tiendabaldini.com.ar\/index.php\/wp-json\/wp\/v2\/product_cat?post=611"},{"taxonomy":"product_tag","embeddable":true,"href":"https:\/\/tiendabaldini.com.ar\/index.php\/wp-json\/wp\/v2\/product_tag?post=611"}],"curies":[{"name":"wp","href":"https:\/\/api.w.org\/{rel}","templated":true}]}}