{"id":607,"date":"2022-02-21T06:48:31","date_gmt":"2022-02-21T06:48:31","guid":{"rendered":"http:\/\/tiendabaldini.com.ar\/?post_type=product&#038;p=607"},"modified":"2022-05-05T07:08:29","modified_gmt":"2022-05-05T07:08:29","slug":"mercaptin-f-x-100-ml-2176","status":"publish","type":"product","link":"https:\/\/tiendabaldini.com.ar\/index.php\/product\/mercaptin-f-x-100-ml-2176\/","title":{"rendered":"MERCAPTIN F X 100 ML (2176)"},"content":{"rendered":"<p><strong>Descripci\u00f3n:<\/strong><\/p>\n<p>Desfatigante metab\u00f3lico. Energizante.<\/p>\n<p><strong>Indicaciones:<\/strong><\/p>\n<p><span class=\"s1\">Normaliza los desequilibrios metab\u00f3licos especialmente de los hidratos de carbono. Estados cetog\u00e9nicos (hembras ca\u00eddas post parto), crisis metab\u00f3licas, miopat\u00edas, envaraduras. <\/span><span class=\"s1\">Prevenci\u00f3n y tratamiento del s\u00edndrome de fatiga muscular en Equinos deportivos. <\/span><span class=\"s1\">Anticetog\u00e9nico en bovinos.<\/span><\/p>\n<p><strong>Presentaci\u00f3n:<\/strong><\/p>\n<ul>\n<li>Frasco ampolla x 100 ml.<\/li>\n<\/ul>\n","protected":false},"excerpt":{"rendered":"<p><strong>Descripci\u00f3n:<\/strong><\/p>\n<p>Desfatigante metab\u00f3lico. Energizante.<\/p>\n<p><strong>Indicaciones:<\/strong><\/p>\n<p><span class=\"s1\">Normaliza los desequilibrios metab\u00f3licos especialmente de los hidratos de carbono. Estados cetog\u00e9nicos (hembras ca\u00eddas post parto), crisis metab\u00f3licas, miopat\u00edas, envaraduras. <\/span><span class=\"s1\">Prevenci\u00f3n y tratamiento del s\u00edndrome de fatiga muscular en Equinos deportivos. <\/span><span class=\"s1\">Anticetog\u00e9nico en bovinos.<\/span><\/p>\n<p><strong>Presentaci\u00f3n:<\/strong><\/p>\n<ul>\n<li>Frasco ampolla x 100 ml.<\/li>\n<\/ul>\n","protected":false},"featured_media":625,"template":"","meta":[],"product_cat":[190,19,41],"product_tag":[44,96,97,42],"_links":{"self":[{"href":"https:\/\/tiendabaldini.com.ar\/index.php\/wp-json\/wp\/v2\/product\/607"}],"collection":[{"href":"https:\/\/tiendabaldini.com.ar\/index.php\/wp-json\/wp\/v2\/product"}],"about":[{"href":"https:\/\/tiendabaldini.com.ar\/index.php\/wp-json\/wp\/v2\/types\/product"}],"wp:featuredmedia":[{"embeddable":true,"href":"https:\/\/tiendabaldini.com.ar\/index.php\/wp-json\/wp\/v2\/media\/625"}],"wp:attachment":[{"href":"https:\/\/tiendabaldini.com.ar\/index.php\/wp-json\/wp\/v2\/media?parent=607"}],"wp:term":[{"taxonomy":"product_cat","embeddable":true,"href":"https:\/\/tiendabaldini.com.ar\/index.php\/wp-json\/wp\/v2\/product_cat?post=607"},{"taxonomy":"product_tag","embeddable":true,"href":"https:\/\/tiendabaldini.com.ar\/index.php\/wp-json\/wp\/v2\/product_tag?post=607"}],"curies":[{"name":"wp","href":"https:\/\/api.w.org\/{rel}","templated":true}]}}