{"id":604,"date":"2022-02-21T06:42:57","date_gmt":"2022-02-21T06:42:57","guid":{"rendered":"http:\/\/tiendabaldini.com.ar\/?post_type=product&#038;p=604"},"modified":"2022-05-05T07:10:25","modified_gmt":"2022-05-05T07:10:25","slug":"jarabe-respirotonico-0039","status":"publish","type":"product","link":"https:\/\/tiendabaldini.com.ar\/index.php\/product\/jarabe-respirotonico-0039\/","title":{"rendered":"JARABE RESPIROTONICO (0039)"},"content":{"rendered":"<p><strong>Descripci\u00f3n:<\/strong><\/p>\n<p>Expectorante. Antitus\u00edgeno. Mucol\u00edtico. Broncodilatador. Antis\u00e9ptico respiratorio. B\u00e1lsamo broncopulmonar.<\/p>\n<p><strong>Indicaciones:<\/strong><\/p>\n<p>Afecciones agudas o cr\u00f3nicas del aparato respiratorio. Coadyuvante en el tratamiento de bronquitis laringitis, neumon\u00edas. Enfermedad pulmonar obstructiva cr\u00f3nica (EPOC). Hemorragia pulmonar inducida (HIP), etc.<br \/>\nPuede asociarse a otros tratamientos respiratorios (nebulizaciones, vaporizaciones, lavajes) seg\u00fan criterio profesional.<\/p>\n<p><strong>Presentaci\u00f3n:<\/strong><\/p>\n<ul>\n<li>Envase x 500 ml.<\/li>\n<\/ul>\n","protected":false},"excerpt":{"rendered":"<p><strong>Descripci\u00f3n:<\/strong><\/p>\n<p>Expectorante. Antitus\u00edgeno. Mucol\u00edtico. Broncodilatador. Antis\u00e9ptico respiratorio. B\u00e1lsamo broncopulmonar.<\/p>\n<p><strong>Indicaciones:<\/strong><\/p>\n<p>Afecciones agudas o cr\u00f3nicas del aparato respiratorio. Coadyuvante en el tratamiento de bronquitis laringitis, neumon\u00edas. Enfermedad pulmonar obstructiva cr\u00f3nica (EPOC). Hemorragia pulmonar inducida (HIP), etc.<br \/>\nPuede asociarse a otros tratamientos respiratorios (nebulizaciones, vaporizaciones, lavajes) seg\u00fan criterio profesional.<\/p>\n<p><strong>Presentaci\u00f3n:<\/strong><\/p>\n<ul>\n<li>Envase x 500 ml.<\/li>\n<\/ul>\n","protected":false},"featured_media":638,"template":"","meta":[],"product_cat":[191,19,41],"product_tag":[44,93,94,92,42,85,95],"_links":{"self":[{"href":"https:\/\/tiendabaldini.com.ar\/index.php\/wp-json\/wp\/v2\/product\/604"}],"collection":[{"href":"https:\/\/tiendabaldini.com.ar\/index.php\/wp-json\/wp\/v2\/product"}],"about":[{"href":"https:\/\/tiendabaldini.com.ar\/index.php\/wp-json\/wp\/v2\/types\/product"}],"wp:featuredmedia":[{"embeddable":true,"href":"https:\/\/tiendabaldini.com.ar\/index.php\/wp-json\/wp\/v2\/media\/638"}],"wp:attachment":[{"href":"https:\/\/tiendabaldini.com.ar\/index.php\/wp-json\/wp\/v2\/media?parent=604"}],"wp:term":[{"taxonomy":"product_cat","embeddable":true,"href":"https:\/\/tiendabaldini.com.ar\/index.php\/wp-json\/wp\/v2\/product_cat?post=604"},{"taxonomy":"product_tag","embeddable":true,"href":"https:\/\/tiendabaldini.com.ar\/index.php\/wp-json\/wp\/v2\/product_tag?post=604"}],"curies":[{"name":"wp","href":"https:\/\/api.w.org\/{rel}","templated":true}]}}