{"id":602,"date":"2022-02-21T06:39:11","date_gmt":"2022-02-21T06:39:11","guid":{"rendered":"http:\/\/tiendabaldini.com.ar\/?post_type=product&#038;p=602"},"modified":"2022-05-05T07:09:45","modified_gmt":"2022-05-05T07:09:45","slug":"ivermectina-iverton-x-500-ml-4066","status":"publish","type":"product","link":"https:\/\/tiendabaldini.com.ar\/index.php\/product\/ivermectina-iverton-x-500-ml-4066\/","title":{"rendered":"IVERMECTINA IVERTON X 500 ML (4066)"},"content":{"rendered":"<p><strong>Descripci\u00f3n:<\/strong><\/p>\n<p>Endectocida. Antis\u00e1rnico. Inyectable. Acci\u00f3n prolongada.<\/p>\n<p><strong>Indicaciones:<\/strong><\/p>\n<p>Par\u00e1sitos gastrointestinales. Par\u00e1sitos pulmonares. Ectopar\u00e1sitos. Otras Miasis del ombligo y castraci\u00f3n.<\/p>\n<p><strong>Presentaci\u00f3n:<\/strong><\/p>\n<ul>\n<li>Frasco x 500 ml.<\/li>\n<\/ul>\n","protected":false},"excerpt":{"rendered":"<p><strong>Descripci\u00f3n:<\/strong><\/p>\n<p>Endectocida. Antis\u00e1rnico. Inyectable. Acci\u00f3n prolongada.<\/p>\n<p><strong>Indicaciones:<\/strong><\/p>\n<p>Par\u00e1sitos gastrointestinales. Par\u00e1sitos pulmonares. Ectopar\u00e1sitos. Otras Miasis del ombligo y castraci\u00f3n.<\/p>\n<p><strong>Presentaci\u00f3n:<\/strong><\/p>\n<ul>\n<li>Frasco x 500 ml.<\/li>\n<\/ul>\n","protected":false},"featured_media":603,"template":"","meta":[],"product_cat":[187,19,41],"product_tag":[44,91,42,78],"_links":{"self":[{"href":"https:\/\/tiendabaldini.com.ar\/index.php\/wp-json\/wp\/v2\/product\/602"}],"collection":[{"href":"https:\/\/tiendabaldini.com.ar\/index.php\/wp-json\/wp\/v2\/product"}],"about":[{"href":"https:\/\/tiendabaldini.com.ar\/index.php\/wp-json\/wp\/v2\/types\/product"}],"wp:featuredmedia":[{"embeddable":true,"href":"https:\/\/tiendabaldini.com.ar\/index.php\/wp-json\/wp\/v2\/media\/603"}],"wp:attachment":[{"href":"https:\/\/tiendabaldini.com.ar\/index.php\/wp-json\/wp\/v2\/media?parent=602"}],"wp:term":[{"taxonomy":"product_cat","embeddable":true,"href":"https:\/\/tiendabaldini.com.ar\/index.php\/wp-json\/wp\/v2\/product_cat?post=602"},{"taxonomy":"product_tag","embeddable":true,"href":"https:\/\/tiendabaldini.com.ar\/index.php\/wp-json\/wp\/v2\/product_tag?post=602"}],"curies":[{"name":"wp","href":"https:\/\/api.w.org\/{rel}","templated":true}]}}