{"id":600,"date":"2022-02-21T06:36:26","date_gmt":"2022-02-21T06:36:26","guid":{"rendered":"http:\/\/tiendabaldini.com.ar\/?post_type=product&#038;p=600"},"modified":"2022-05-05T07:11:59","modified_gmt":"2022-05-05T07:11:59","slug":"hialusint-x-ampolla-0038","status":"publish","type":"product","link":"https:\/\/tiendabaldini.com.ar\/index.php\/product\/hialusint-x-ampolla-0038\/","title":{"rendered":"HIALUSINT x AMPOLLA (0038)"},"content":{"rendered":"<p><strong>Descripci\u00f3n:<\/strong><\/p>\n<p>Terapia denso viscoel\u00e1stica sint\u00e9tica. Recupera la funci\u00f3n articular. Inyectable intra articular.<\/p>\n<p><strong>Indicaciones:<\/strong><\/p>\n<p>Tratamiento local de los equinos con disfunciones articulares. Osteoartritis. Osteoartrosis. Artritis. Artrosis. Osteocondriosis. Sinovitis. Tendinitis. Bursitis tendinosas y sinoviales.<\/p>\n<p><strong>Presentaci\u00f3n:<\/strong><\/p>\n<ul>\n<li>Caja de 6 frascos x 2 ml.<\/li>\n<\/ul>\n","protected":false},"excerpt":{"rendered":"<p><strong>Descripci\u00f3n:<\/strong><\/p>\n<p>Terapia denso viscoel\u00e1stica sint\u00e9tica. Recupera la funci\u00f3n articular. Inyectable intra articular.<\/p>\n<p><strong>Indicaciones:<\/strong><\/p>\n<p>Tratamiento local de los equinos con disfunciones articulares. Osteoartritis. Osteoartrosis. Artritis. Artrosis. Osteocondriosis. Sinovitis. Tendinitis. Bursitis tendinosas y sinoviales.<\/p>\n<p><strong>Presentaci\u00f3n:<\/strong><\/p>\n<ul>\n<li>Caja de 6 frascos x 2 ml.<\/li>\n<\/ul>\n","protected":false},"featured_media":601,"template":"","meta":[],"product_cat":[19,41],"product_tag":[44,413,414,78,411,412],"_links":{"self":[{"href":"https:\/\/tiendabaldini.com.ar\/index.php\/wp-json\/wp\/v2\/product\/600"}],"collection":[{"href":"https:\/\/tiendabaldini.com.ar\/index.php\/wp-json\/wp\/v2\/product"}],"about":[{"href":"https:\/\/tiendabaldini.com.ar\/index.php\/wp-json\/wp\/v2\/types\/product"}],"wp:featuredmedia":[{"embeddable":true,"href":"https:\/\/tiendabaldini.com.ar\/index.php\/wp-json\/wp\/v2\/media\/601"}],"wp:attachment":[{"href":"https:\/\/tiendabaldini.com.ar\/index.php\/wp-json\/wp\/v2\/media?parent=600"}],"wp:term":[{"taxonomy":"product_cat","embeddable":true,"href":"https:\/\/tiendabaldini.com.ar\/index.php\/wp-json\/wp\/v2\/product_cat?post=600"},{"taxonomy":"product_tag","embeddable":true,"href":"https:\/\/tiendabaldini.com.ar\/index.php\/wp-json\/wp\/v2\/product_tag?post=600"}],"curies":[{"name":"wp","href":"https:\/\/api.w.org\/{rel}","templated":true}]}}