{"id":598,"date":"2022-02-21T06:34:20","date_gmt":"2022-02-21T06:34:20","guid":{"rendered":"http:\/\/tiendabaldini.com.ar\/?post_type=product&#038;p=598"},"modified":"2022-05-05T07:13:24","modified_gmt":"2022-05-05T07:13:24","slug":"hepavit-b12-b15-0037","status":"publish","type":"product","link":"https:\/\/tiendabaldini.com.ar\/index.php\/product\/hepavit-b12-b15-0037\/","title":{"rendered":"HEPAVIT B12 B15 (0037)"},"content":{"rendered":"<p><strong>Descripci\u00f3n:<\/strong><\/p>\n<p>Reconstituyente vitaminado. Inyectable.<\/p>\n<p><strong>Indicaciones:<\/strong><\/p>\n<p>T\u00f3nico general. Antian\u00e9mico, estimulante de la funci\u00f3n hep\u00e1tica, mejorador del estado general. Asociado con D- Normalina, la acci\u00f3n ser\u00e1 desintoxicante y protectora hep\u00e1tica, dosificado con suero glucosado al 50% la funci\u00f3n ser\u00e1 de tonificaci\u00f3n.<\/p>\n<p><strong>Presentaci\u00f3n:<\/strong><\/p>\n<ul>\n<li>Caja de 12 frascos ampolla x 10 ml.<\/li>\n<\/ul>\n<p>&nbsp;<\/p>\n","protected":false},"excerpt":{"rendered":"<p><strong>Descripci\u00f3n:<\/strong><\/p>\n<p>Reconstituyente vitaminado. Inyectable.<\/p>\n<p><strong>Indicaciones:<\/strong><\/p>\n<p>T\u00f3nico general. Antian\u00e9mico, estimulante de la funci\u00f3n hep\u00e1tica, mejorador del estado general. Asociado con D- Normalina, la acci\u00f3n ser\u00e1 desintoxicante y protectora hep\u00e1tica, dosificado con suero glucosado al 50% la funci\u00f3n ser\u00e1 de tonificaci\u00f3n.<\/p>\n<p><strong>Presentaci\u00f3n:<\/strong><\/p>\n<ul>\n<li>Caja de 12 frascos ampolla x 10 ml.<\/li>\n<\/ul>\n","protected":false},"featured_media":599,"template":"","meta":[],"product_cat":[189,194,19,41],"product_tag":[44,42,78,76],"_links":{"self":[{"href":"https:\/\/tiendabaldini.com.ar\/index.php\/wp-json\/wp\/v2\/product\/598"}],"collection":[{"href":"https:\/\/tiendabaldini.com.ar\/index.php\/wp-json\/wp\/v2\/product"}],"about":[{"href":"https:\/\/tiendabaldini.com.ar\/index.php\/wp-json\/wp\/v2\/types\/product"}],"wp:featuredmedia":[{"embeddable":true,"href":"https:\/\/tiendabaldini.com.ar\/index.php\/wp-json\/wp\/v2\/media\/599"}],"wp:attachment":[{"href":"https:\/\/tiendabaldini.com.ar\/index.php\/wp-json\/wp\/v2\/media?parent=598"}],"wp:term":[{"taxonomy":"product_cat","embeddable":true,"href":"https:\/\/tiendabaldini.com.ar\/index.php\/wp-json\/wp\/v2\/product_cat?post=598"},{"taxonomy":"product_tag","embeddable":true,"href":"https:\/\/tiendabaldini.com.ar\/index.php\/wp-json\/wp\/v2\/product_tag?post=598"}],"curies":[{"name":"wp","href":"https:\/\/api.w.org\/{rel}","templated":true}]}}