{"id":588,"date":"2022-02-21T06:04:18","date_gmt":"2022-02-21T06:04:18","guid":{"rendered":"http:\/\/tiendabaldini.com.ar\/?post_type=product&#038;p=588"},"modified":"2022-02-21T06:08:55","modified_gmt":"2022-02-21T06:08:55","slug":"gamma-equino-0030","status":"publish","type":"product","link":"https:\/\/tiendabaldini.com.ar\/index.php\/product\/gamma-equino-0030\/","title":{"rendered":"GAMMA EQUINO (0030)"},"content":{"rendered":"<p><strong>Descripci\u00f3n:<\/strong><\/p>\n<p>Plasma homologo hiperinmune, inespec\u00edfico. Liofilizado.<\/p>\n<p><strong>Indicaciones:<\/strong><\/p>\n<p>Coadyuvante en el tratamiento con fluido terapia e inmunoterapia inespec\u00edfica. Hemorragias. Quemaduras. Shock quir\u00fargico y\/o traum\u00e1tico. Enfermedades post-quir\u00fargicas. Inmunodeficiencias. En todos aquellos cuadros patol\u00f3gicos con p\u00e9rdidas o ausencias de factores plasm\u00e1ticos.<\/p>\n<ul>\n<li>Presentaci\u00f3n: Frasco x 50 ml.<\/li>\n<\/ul>\n<p>&nbsp;<\/p>\n<p>&nbsp;<\/p>\n","protected":false},"excerpt":{"rendered":"<p><strong>Descripci\u00f3n:<\/strong><\/p>\n<p>Plasma homologo hiperinmune, inespec\u00edfico. Liofilizado.<\/p>\n<p><strong>Indicaciones:<\/strong><\/p>\n<p>Coadyuvante en el tratamiento con fluido terapia e inmunoterapia inespec\u00edfica. Hemorragias. Quemaduras. Shock quir\u00fargico y\/o traum\u00e1tico. Enfermedades post-quir\u00fargicas. Inmunodeficiencias. En todos aquellos cuadros patol\u00f3gicos con p\u00e9rdidas o ausencias de factores plasm\u00e1ticos.<\/p>\n<ul>\n<li>Presentaci\u00f3n: Frasco x 50 ml.<\/li>\n<\/ul>\n","protected":false},"featured_media":589,"template":"","meta":[],"product_cat":[19,41],"product_tag":[44,42],"_links":{"self":[{"href":"https:\/\/tiendabaldini.com.ar\/index.php\/wp-json\/wp\/v2\/product\/588"}],"collection":[{"href":"https:\/\/tiendabaldini.com.ar\/index.php\/wp-json\/wp\/v2\/product"}],"about":[{"href":"https:\/\/tiendabaldini.com.ar\/index.php\/wp-json\/wp\/v2\/types\/product"}],"wp:featuredmedia":[{"embeddable":true,"href":"https:\/\/tiendabaldini.com.ar\/index.php\/wp-json\/wp\/v2\/media\/589"}],"wp:attachment":[{"href":"https:\/\/tiendabaldini.com.ar\/index.php\/wp-json\/wp\/v2\/media?parent=588"}],"wp:term":[{"taxonomy":"product_cat","embeddable":true,"href":"https:\/\/tiendabaldini.com.ar\/index.php\/wp-json\/wp\/v2\/product_cat?post=588"},{"taxonomy":"product_tag","embeddable":true,"href":"https:\/\/tiendabaldini.com.ar\/index.php\/wp-json\/wp\/v2\/product_tag?post=588"}],"curies":[{"name":"wp","href":"https:\/\/api.w.org\/{rel}","templated":true}]}}