{"id":580,"date":"2022-02-21T05:41:18","date_gmt":"2022-02-21T05:41:18","guid":{"rendered":"http:\/\/tiendabaldini.com.ar\/?post_type=product&#038;p=580"},"modified":"2022-02-21T05:43:59","modified_gmt":"2022-02-21T05:43:59","slug":"electromas-0025","status":"publish","type":"product","link":"https:\/\/tiendabaldini.com.ar\/index.php\/product\/electromas-0025\/","title":{"rendered":"ELECTROMAS (0025)"},"content":{"rendered":"<p><strong>Descripci\u00f3n:<\/strong><\/p>\n<p>Rehidratante. Polvo soluble. Oral.<\/p>\n<p><strong>Indicaciones:<\/strong><\/p>\n<p>Prevenci\u00f3n y tratamiento de p\u00e9rdidas de electr\u00f3litos en diarreas, c\u00f3licos, sudoraci\u00f3n excesiva, etc. en todas las especies.<\/p>\n<ul>\n<li>Presentaci\u00f3n: Envase x 1 kg (20 sobres x 50 gr. c\/u).<\/li>\n<\/ul>\n<p>&nbsp;<\/p>\n<p>&nbsp;<\/p>\n","protected":false},"excerpt":{"rendered":"<p><strong>Descripci\u00f3n:<\/strong><\/p>\n<p>Rehidratante. Polvo soluble. Oral.<\/p>\n<p><strong>Indicaciones:<\/strong><\/p>\n<p>Prevenci\u00f3n y tratamiento de p\u00e9rdidas de electr\u00f3litos en diarreas, c\u00f3licos, sudoraci\u00f3n excesiva, etc. en todas las especies.<\/p>\n<ul>\n<li>Presentaci\u00f3n: Envase x 1 kg (20 sobres x 50 gr. c\/u).<\/li>\n<\/ul>\n","protected":false},"featured_media":581,"template":"","meta":[],"product_cat":[19,41],"product_tag":[44,42,80,84],"_links":{"self":[{"href":"https:\/\/tiendabaldini.com.ar\/index.php\/wp-json\/wp\/v2\/product\/580"}],"collection":[{"href":"https:\/\/tiendabaldini.com.ar\/index.php\/wp-json\/wp\/v2\/product"}],"about":[{"href":"https:\/\/tiendabaldini.com.ar\/index.php\/wp-json\/wp\/v2\/types\/product"}],"wp:featuredmedia":[{"embeddable":true,"href":"https:\/\/tiendabaldini.com.ar\/index.php\/wp-json\/wp\/v2\/media\/581"}],"wp:attachment":[{"href":"https:\/\/tiendabaldini.com.ar\/index.php\/wp-json\/wp\/v2\/media?parent=580"}],"wp:term":[{"taxonomy":"product_cat","embeddable":true,"href":"https:\/\/tiendabaldini.com.ar\/index.php\/wp-json\/wp\/v2\/product_cat?post=580"},{"taxonomy":"product_tag","embeddable":true,"href":"https:\/\/tiendabaldini.com.ar\/index.php\/wp-json\/wp\/v2\/product_tag?post=580"}],"curies":[{"name":"wp","href":"https:\/\/api.w.org\/{rel}","templated":true}]}}