{"id":574,"date":"2022-02-21T05:26:37","date_gmt":"2022-02-21T05:26:37","guid":{"rendered":"http:\/\/tiendabaldini.com.ar\/?post_type=product&#038;p=574"},"modified":"2022-02-21T05:31:46","modified_gmt":"2022-02-21T05:31:46","slug":"duvamine-x-10-ml-2905","status":"publish","type":"product","link":"https:\/\/tiendabaldini.com.ar\/index.php\/product\/duvamine-x-10-ml-2905\/","title":{"rendered":"DUVAMINE X 10 ML (2905)"},"content":{"rendered":"<p><strong>Descripci\u00f3n:<\/strong><\/p>\n<p>Analg\u00e9sico. Antiinflamatorio. Antipir\u00e9tico. No narc\u00f3tico.<\/p>\n<p><strong>Indicaciones:<\/strong><\/p>\n<p>&#8211; Equinos: alivio de inflamaci\u00f3n y dolor en afecciones del aparato locomotor. Oste\u00edtis, artritis, miositis, tendinitis, sinovitis, Alivio del dolor visceral asociado a la presentaci\u00f3n de c\u00f3licos.<br \/>\n&#8211; Bovinos, antiinflamatorio en infecciones agudas v\u00edricas, bacterianas del aparato respiratorio (neumon\u00edas y bronconeumon\u00edas) como adyuvante del tratamiento antimicrobiano. Inflamaci\u00f3n y dolor asociados a disturbios gastrointestinales (diarrea de los terneros, enteritis, salmonelosis, gastroenteritis, c\u00f3licos). Afecciones m\u00fasculo esquel\u00e9ticas, cojeras, artritis, paresias.<br \/>\n&#8211; Porcinos, cojeras inflamaciones agudas del aparato locomotor. S\u00edndrome de metritis mastitis aglaxia. S\u00edndrome febril.<\/p>\n<ul>\n<li>Presentaci\u00f3n: Caja conteniendo frascos por 10 ml.<\/li>\n<\/ul>\n<p>&nbsp;<\/p>\n<p>&nbsp;<\/p>\n","protected":false},"excerpt":{"rendered":"<p><strong>Descripci\u00f3n:<\/strong><\/p>\n<p>Analg\u00e9sico. Antiinflamatorio. Antipir\u00e9tico. No narc\u00f3tico.<\/p>\n<p><strong>Indicaciones:<\/strong><\/p>\n<p>&#8211; Equinos: alivio de inflamaci\u00f3n y dolor en afecciones del aparato locomotor. Oste\u00edtis, artritis, miositis, tendinitis, sinovitis, Alivio del dolor visceral asociado a la presentaci\u00f3n de c\u00f3licos.<br \/>\n&#8211; Bovinos, antiinflamatorio en infecciones agudas v\u00edricas, bacterianas del aparato respiratorio (neumon\u00edas y bronconeumon\u00edas) como adyuvante del tratamiento antimicrobiano. Inflamaci\u00f3n y dolor asociados a disturbios gastrointestinales (diarrea de los terneros, enteritis, salmonelosis, gastroenteritis, c\u00f3licos). Afecciones m\u00fasculo esquel\u00e9ticas, cojeras, artritis, paresias.<br \/>\n&#8211; Porcinos, cojeras inflamaciones agudas del aparato locomotor. S\u00edndrome de metritis mastitis aglaxia. S\u00edndrome febril.<\/p>\n<ul>\n<li>Presentaci\u00f3n: Caja conteniendo frascos por 10 ml.<\/li>\n<\/ul>\n","protected":false},"featured_media":575,"template":"","meta":[],"product_cat":[19,28,41],"product_tag":[44,79,38,86,42],"_links":{"self":[{"href":"https:\/\/tiendabaldini.com.ar\/index.php\/wp-json\/wp\/v2\/product\/574"}],"collection":[{"href":"https:\/\/tiendabaldini.com.ar\/index.php\/wp-json\/wp\/v2\/product"}],"about":[{"href":"https:\/\/tiendabaldini.com.ar\/index.php\/wp-json\/wp\/v2\/types\/product"}],"wp:featuredmedia":[{"embeddable":true,"href":"https:\/\/tiendabaldini.com.ar\/index.php\/wp-json\/wp\/v2\/media\/575"}],"wp:attachment":[{"href":"https:\/\/tiendabaldini.com.ar\/index.php\/wp-json\/wp\/v2\/media?parent=574"}],"wp:term":[{"taxonomy":"product_cat","embeddable":true,"href":"https:\/\/tiendabaldini.com.ar\/index.php\/wp-json\/wp\/v2\/product_cat?post=574"},{"taxonomy":"product_tag","embeddable":true,"href":"https:\/\/tiendabaldini.com.ar\/index.php\/wp-json\/wp\/v2\/product_tag?post=574"}],"curies":[{"name":"wp","href":"https:\/\/api.w.org\/{rel}","templated":true}]}}