{"id":572,"date":"2022-02-21T05:24:05","date_gmt":"2022-02-21T05:24:05","guid":{"rendered":"http:\/\/tiendabaldini.com.ar\/?post_type=product&#038;p=572"},"modified":"2022-02-21T05:25:54","modified_gmt":"2022-02-21T05:25:54","slug":"duvamicina-x-500000-x-amp-0024","status":"publish","type":"product","link":"https:\/\/tiendabaldini.com.ar\/index.php\/product\/duvamicina-x-500000-x-amp-0024\/","title":{"rendered":"DUVAMICINA X 500000 x AMP. (0024)"},"content":{"rendered":"<p><strong>Descripci\u00f3n:<\/strong><\/p>\n<p>Antibi\u00f3tico antipir\u00e9tico con enzimas. Inyectable.<\/p>\n<p><strong>Indicaciones:<\/strong><\/p>\n<p>Neumoenteritis de los terneros. Adenitis Equina. Procesos purulentos encapsulados o no encapsulados. Pielonefritis. Pi\u00f3metras. Mancha. Edema maligno. T\u00e9tano. Mastitis. Estreptococcias y Estafilococcias. G\u00e9rmenes asociados a enfermedades virales. Indicado en tratamiento de las enfermedades causadas por g\u00e9rmenes sensibles a su espectro.<\/p>\n<ul>\n<li>Presentaci\u00f3n: Caja conteniendo 1 frasco c\/droga s\u00f3lida y 1 frasco diluyente.<\/li>\n<\/ul>\n<p>&nbsp;<\/p>\n<p>&nbsp;<\/p>\n","protected":false},"excerpt":{"rendered":"<p><strong>Descripci\u00f3n:<\/strong><\/p>\n<p>Antibi\u00f3tico mucol\u00edtico para las v\u00edas respiratorias. Inyectable.<\/p>\n<p><strong>Indicaciones:<\/strong><\/p>\n<p>Afecciones agudas y cr\u00f3nicas del aparato respiratorio. Bronquitis. Neumon\u00edas de los terneros, equinos, bovinos, y porcinos. Bronconeumon\u00edas. Neumoenteritis. Sinusitis. Rinitis. Complicaciones pulmonares de enfermedades virales.<\/p>\n<ul>\n<li>Presentaci\u00f3n: Caja conteniendo 6 frascos droga s\u00f3lida y 6 frascos diluyente.<strong>Descripci\u00f3n:<\/strong>\n<p>Antibi\u00f3tico antipir\u00e9tico con enzimas. Inyectable.<\/p>\n<p><strong>Indicaciones:<\/strong><\/p>\n<p>Neumoenteritis de los terneros. Adenitis Equina. Procesos purulentos encapsulados o no encapsulados. Pielonefritis. Pi\u00f3metras. Mancha. Edema maligno. T\u00e9tano. Mastitis. Estreptococcias y Estafilococcias. G\u00e9rmenes asociados a enfermedades virales. Indicado en tratamiento de las enfermedades causadas por g\u00e9rmenes sensibles a su espectro.<\/p>\n<ul>\n<li>Presentaci\u00f3n: Caja conteniendo 1 frasco c\/droga s\u00f3lida y 1 frasco diluyente.<\/li>\n<\/ul>\n<\/li>\n<\/ul>\n","protected":false},"featured_media":573,"template":"","meta":[],"product_cat":[19,29,41],"product_tag":[44,75,86,42,78],"_links":{"self":[{"href":"https:\/\/tiendabaldini.com.ar\/index.php\/wp-json\/wp\/v2\/product\/572"}],"collection":[{"href":"https:\/\/tiendabaldini.com.ar\/index.php\/wp-json\/wp\/v2\/product"}],"about":[{"href":"https:\/\/tiendabaldini.com.ar\/index.php\/wp-json\/wp\/v2\/types\/product"}],"wp:featuredmedia":[{"embeddable":true,"href":"https:\/\/tiendabaldini.com.ar\/index.php\/wp-json\/wp\/v2\/media\/573"}],"wp:attachment":[{"href":"https:\/\/tiendabaldini.com.ar\/index.php\/wp-json\/wp\/v2\/media?parent=572"}],"wp:term":[{"taxonomy":"product_cat","embeddable":true,"href":"https:\/\/tiendabaldini.com.ar\/index.php\/wp-json\/wp\/v2\/product_cat?post=572"},{"taxonomy":"product_tag","embeddable":true,"href":"https:\/\/tiendabaldini.com.ar\/index.php\/wp-json\/wp\/v2\/product_tag?post=572"}],"curies":[{"name":"wp","href":"https:\/\/api.w.org\/{rel}","templated":true}]}}