{"id":570,"date":"2022-02-21T05:20:53","date_gmt":"2022-02-21T05:20:53","guid":{"rendered":"http:\/\/tiendabaldini.com.ar\/?post_type=product&#038;p=570"},"modified":"2022-02-21T05:23:28","modified_gmt":"2022-02-21T05:23:28","slug":"duvabron-5-000-000-caja-x-6-amp-2825","status":"publish","type":"product","link":"https:\/\/tiendabaldini.com.ar\/index.php\/product\/duvabron-5-000-000-caja-x-6-amp-2825\/","title":{"rendered":"DUVABRON 5.000.000 CAJA X 6 AMP (2825)"},"content":{"rendered":"<p><strong>Descripci\u00f3n:<\/strong><\/p>\n<p>Antibi\u00f3tico mucol\u00edtico para las v\u00edas respiratorias. Inyectable.<\/p>\n<p><strong>Indicaciones:<\/strong><\/p>\n<p>Afecciones agudas y cr\u00f3nicas del aparato respiratorio. Bronquitis. Neumon\u00edas de los terneros, equinos, bovinos, y porcinos. Bronconeumon\u00edas. Neumoenteritis. Sinusitis. Rinitis. Complicaciones pulmonares de enfermedades virales.<\/p>\n<ul>\n<li>Presentaci\u00f3n: Caja conteniendo 6 frascos droga s\u00f3lida y 6 frascos diluyente.<\/li>\n<\/ul>\n<p>&nbsp;<\/p>\n<p>&nbsp;<\/p>\n","protected":false},"excerpt":{"rendered":"<p><strong>Descripci\u00f3n:<\/strong><\/p>\n<p>Antibi\u00f3tico mucol\u00edtico para las v\u00edas respiratorias. Inyectable.<\/p>\n<p><strong>Indicaciones:<\/strong><\/p>\n<p>Afecciones agudas y cr\u00f3nicas del aparato respiratorio. Bronquitis. Neumon\u00edas de los terneros, equinos, bovinos, y porcinos. Bronconeumon\u00edas. Neumoenteritis. Sinusitis. Rinitis. Complicaciones pulmonares de enfermedades virales.<\/p>\n<ul>\n<li>Presentaci\u00f3n: Caja conteniendo 6 frascos droga s\u00f3lida y 6 frascos diluyente.<\/li>\n<\/ul>\n","protected":false},"featured_media":571,"template":"","meta":[],"product_cat":[19,29,41],"product_tag":[44,75,42,78,85],"_links":{"self":[{"href":"https:\/\/tiendabaldini.com.ar\/index.php\/wp-json\/wp\/v2\/product\/570"}],"collection":[{"href":"https:\/\/tiendabaldini.com.ar\/index.php\/wp-json\/wp\/v2\/product"}],"about":[{"href":"https:\/\/tiendabaldini.com.ar\/index.php\/wp-json\/wp\/v2\/types\/product"}],"wp:featuredmedia":[{"embeddable":true,"href":"https:\/\/tiendabaldini.com.ar\/index.php\/wp-json\/wp\/v2\/media\/571"}],"wp:attachment":[{"href":"https:\/\/tiendabaldini.com.ar\/index.php\/wp-json\/wp\/v2\/media?parent=570"}],"wp:term":[{"taxonomy":"product_cat","embeddable":true,"href":"https:\/\/tiendabaldini.com.ar\/index.php\/wp-json\/wp\/v2\/product_cat?post=570"},{"taxonomy":"product_tag","embeddable":true,"href":"https:\/\/tiendabaldini.com.ar\/index.php\/wp-json\/wp\/v2\/product_tag?post=570"}],"curies":[{"name":"wp","href":"https:\/\/api.w.org\/{rel}","templated":true}]}}