{"id":568,"date":"2022-02-21T05:17:32","date_gmt":"2022-02-21T05:17:32","guid":{"rendered":"http:\/\/tiendabaldini.com.ar\/?post_type=product&#038;p=568"},"modified":"2022-02-21T05:20:22","modified_gmt":"2022-02-21T05:20:22","slug":"duva-rehidrat-x-500-cc-0023","status":"publish","type":"product","link":"https:\/\/tiendabaldini.com.ar\/index.php\/product\/duva-rehidrat-x-500-cc-0023\/","title":{"rendered":"DUVA REHIDRAT. X 500 CC (0023)"},"content":{"rendered":"<p><strong>Descripci\u00f3n:<\/strong><\/p>\n<p>Rehidratante Electrol\u00edtico con Amino\u00e1cidos. Inyectable.<\/p>\n<p><strong>Indicaciones:<\/strong><\/p>\n<p>Deshidrataci\u00f3n de cualquier etiolog\u00eda (diarrea, v\u00f3mitos, etc.). Intoxicaciones. Estados de agotamiento f\u00edsico. P\u00e9rdida de electrol\u00edtos. Hemorragias. Stress. Hipoproteinemias. Poliurias. Hepatopat\u00edas. Sudoraci\u00f3n intensa. Convalescencia. Sobreentrenamiento. Shock quir\u00fargico o traum\u00e1tico. Inapetencia.<\/p>\n<ul>\n<li>Presentaci\u00f3n: Envase x 500 ml.<\/li>\n<\/ul>\n<p>&nbsp;<\/p>\n<p>&nbsp;<\/p>\n","protected":false},"excerpt":{"rendered":"<p><strong>Descripci\u00f3n:<\/strong><\/p>\n<p>Rehidratante Electrol\u00edtico con Amino\u00e1cidos. Inyectable.<\/p>\n<p><strong>Indicaciones:<\/strong><\/p>\n<p>Deshidrataci\u00f3n de cualquier etiolog\u00eda (diarrea, v\u00f3mitos, etc.). Intoxicaciones. Estados de agotamiento f\u00edsico. P\u00e9rdida de electrol\u00edtos. Hemorragias. Stress. Hipoproteinemias. Poliurias. Hepatopat\u00edas. Sudoraci\u00f3n intensa. Convalescencia. Sobreentrenamiento. Shock quir\u00fargico o traum\u00e1tico. Inapetencia.<\/p>\n<ul>\n<li>Presentaci\u00f3n: Envase x 500 ml.<\/li>\n<\/ul>\n<p>&nbsp;<\/p>\n","protected":false},"featured_media":569,"template":"","meta":[],"product_cat":[19,41],"product_tag":[44,42,78,84],"_links":{"self":[{"href":"https:\/\/tiendabaldini.com.ar\/index.php\/wp-json\/wp\/v2\/product\/568"}],"collection":[{"href":"https:\/\/tiendabaldini.com.ar\/index.php\/wp-json\/wp\/v2\/product"}],"about":[{"href":"https:\/\/tiendabaldini.com.ar\/index.php\/wp-json\/wp\/v2\/types\/product"}],"wp:featuredmedia":[{"embeddable":true,"href":"https:\/\/tiendabaldini.com.ar\/index.php\/wp-json\/wp\/v2\/media\/569"}],"wp:attachment":[{"href":"https:\/\/tiendabaldini.com.ar\/index.php\/wp-json\/wp\/v2\/media?parent=568"}],"wp:term":[{"taxonomy":"product_cat","embeddable":true,"href":"https:\/\/tiendabaldini.com.ar\/index.php\/wp-json\/wp\/v2\/product_cat?post=568"},{"taxonomy":"product_tag","embeddable":true,"href":"https:\/\/tiendabaldini.com.ar\/index.php\/wp-json\/wp\/v2\/product_tag?post=568"}],"curies":[{"name":"wp","href":"https:\/\/api.w.org\/{rel}","templated":true}]}}