{"id":563,"date":"2022-02-21T05:10:03","date_gmt":"2022-02-21T05:10:03","guid":{"rendered":"http:\/\/tiendabaldini.com.ar\/?post_type=product&#038;p=563"},"modified":"2022-05-05T06:45:41","modified_gmt":"2022-05-05T06:45:41","slug":"d-normalina-0020","status":"publish","type":"product","link":"https:\/\/tiendabaldini.com.ar\/index.php\/product\/d-normalina-0020\/","title":{"rendered":"D-NORMALINA (0020)"},"content":{"rendered":"<p><strong>Descripci\u00f3n:<\/strong><\/p>\n<p>Antiinflamatorio.<\/p>\n<p><strong>Indicaciones:<\/strong><\/p>\n<p>Desintoxicante de las v\u00edas hep\u00e1ticas. Para eliminar sustancias extra\u00f1as o en exceso del organismo (antihelm\u00ednticos, sulfamidas, alcaloides, estr\u00f3genos, anest\u00e9sicos), etc.<\/p>\n<p><strong>Presentaci\u00f3n:<\/strong><\/p>\n<ul>\n<li>Frasco ampolla x 100 ml.<\/li>\n<\/ul>\n<p>&nbsp;<\/p>\n<p>&nbsp;<\/p>\n","protected":false},"excerpt":{"rendered":"<p><strong>Descripci\u00f3n:<\/strong><\/p>\n<p>Antiinflamatorio.<\/p>\n<p><strong>Indicaciones:<\/strong><\/p>\n<p>Desintoxicante de las v\u00edas hep\u00e1ticas. Para eliminar sustancias extra\u00f1as o en exceso del organismo (antihelm\u00ednticos, sulfamidas, alcaloides, estr\u00f3genos, anest\u00e9sicos), etc.<\/p>\n<p><strong>Presentaci\u00f3n:<\/strong><\/p>\n<ul>\n<li>Frasco ampolla x 100 ml.<\/li>\n<\/ul>\n<p>&nbsp;<\/p>\n","protected":false},"featured_media":564,"template":"","meta":[],"product_cat":[194,19,28,41],"product_tag":[44,38,42],"_links":{"self":[{"href":"https:\/\/tiendabaldini.com.ar\/index.php\/wp-json\/wp\/v2\/product\/563"}],"collection":[{"href":"https:\/\/tiendabaldini.com.ar\/index.php\/wp-json\/wp\/v2\/product"}],"about":[{"href":"https:\/\/tiendabaldini.com.ar\/index.php\/wp-json\/wp\/v2\/types\/product"}],"wp:featuredmedia":[{"embeddable":true,"href":"https:\/\/tiendabaldini.com.ar\/index.php\/wp-json\/wp\/v2\/media\/564"}],"wp:attachment":[{"href":"https:\/\/tiendabaldini.com.ar\/index.php\/wp-json\/wp\/v2\/media?parent=563"}],"wp:term":[{"taxonomy":"product_cat","embeddable":true,"href":"https:\/\/tiendabaldini.com.ar\/index.php\/wp-json\/wp\/v2\/product_cat?post=563"},{"taxonomy":"product_tag","embeddable":true,"href":"https:\/\/tiendabaldini.com.ar\/index.php\/wp-json\/wp\/v2\/product_tag?post=563"}],"curies":[{"name":"wp","href":"https:\/\/api.w.org\/{rel}","templated":true}]}}