{"id":561,"date":"2022-02-21T05:04:47","date_gmt":"2022-02-21T05:04:47","guid":{"rendered":"http:\/\/tiendabaldini.com.ar\/?post_type=product&#038;p=561"},"modified":"2022-05-05T06:46:25","modified_gmt":"2022-05-05T06:46:25","slug":"dexametasona-2-5-mg-x-10-cc-2380","status":"publish","type":"product","link":"https:\/\/tiendabaldini.com.ar\/index.php\/product\/dexametasona-2-5-mg-x-10-cc-2380\/","title":{"rendered":"DEXAMETASONA 2.5 mg x 10 cc (2380)"},"content":{"rendered":"<p><strong>Descripci\u00f3n:<\/strong><\/p>\n<p>Antiflog\u00edstico. Inyectable.<\/p>\n<p><strong>Indicaciones:<\/strong><\/p>\n<p>Procesos artr\u00edticos, miositis y fibrocitis, problemas dermatoides (prurito, eczema, dermitis inespec\u00edficas), acetonemia, equinos sometidos a esfuerzos intensos, complicaciones traum\u00e1ticas y quir\u00fargicas. Alergias y Anafilaxias.<\/p>\n<p><strong>Presentaci\u00f3n:<\/strong><\/p>\n<ul>\n<li>Frasco x 50 ml.<\/li>\n<\/ul>\n<p>&nbsp;<\/p>\n<p>&nbsp;<\/p>\n","protected":false},"excerpt":{"rendered":"<p><strong>Descripci\u00f3n:<\/strong><\/p>\n<p>Antiflog\u00edstico. Inyectable.<\/p>\n<p><strong>Indicaciones:<\/strong><\/p>\n<p>Procesos artr\u00edticos, miositis y fibrocitis, problemas dermatoides (prurito, eczema, dermitis inespec\u00edficas), acetonemia, equinos sometidos a esfuerzos intensos, complicaciones traum\u00e1ticas y quir\u00fargicas. Alergias y Anafilaxias.<\/p>\n<p><strong>Presentaci\u00f3n:<\/strong><\/p>\n<ul>\n<li>Frasco x 50 ml.<\/li>\n<\/ul>\n","protected":false},"featured_media":562,"template":"","meta":[],"product_cat":[19,41],"product_tag":[44,82,42,78],"_links":{"self":[{"href":"https:\/\/tiendabaldini.com.ar\/index.php\/wp-json\/wp\/v2\/product\/561"}],"collection":[{"href":"https:\/\/tiendabaldini.com.ar\/index.php\/wp-json\/wp\/v2\/product"}],"about":[{"href":"https:\/\/tiendabaldini.com.ar\/index.php\/wp-json\/wp\/v2\/types\/product"}],"wp:featuredmedia":[{"embeddable":true,"href":"https:\/\/tiendabaldini.com.ar\/index.php\/wp-json\/wp\/v2\/media\/562"}],"wp:attachment":[{"href":"https:\/\/tiendabaldini.com.ar\/index.php\/wp-json\/wp\/v2\/media?parent=561"}],"wp:term":[{"taxonomy":"product_cat","embeddable":true,"href":"https:\/\/tiendabaldini.com.ar\/index.php\/wp-json\/wp\/v2\/product_cat?post=561"},{"taxonomy":"product_tag","embeddable":true,"href":"https:\/\/tiendabaldini.com.ar\/index.php\/wp-json\/wp\/v2\/product_tag?post=561"}],"curies":[{"name":"wp","href":"https:\/\/api.w.org\/{rel}","templated":true}]}}