{"id":559,"date":"2022-02-21T04:58:46","date_gmt":"2022-02-21T04:58:46","guid":{"rendered":"http:\/\/tiendabaldini.com.ar\/?post_type=product&#038;p=559"},"modified":"2022-05-05T06:46:53","modified_gmt":"2022-05-05T06:46:53","slug":"desbridan-t-x-100cc-0019","status":"publish","type":"product","link":"https:\/\/tiendabaldini.com.ar\/index.php\/product\/desbridan-t-x-100cc-0019\/","title":{"rendered":"DESBRIDAN-T X 100CC (0019)"},"content":{"rendered":"<p><strong>Descripci\u00f3n:<\/strong><\/p>\n<p>Antiinflamatorio enzim\u00e1tico. Inyectable.<\/p>\n<p><strong>Indicaciones:<\/strong><\/p>\n<p>Coadyuvante en el tratamiento de inflamaciones y edemas en general. Pericarditis traum\u00e1tica. Ulceras. Artritis supurativas. Queratoconjuntivitis. Osteomielitis, etc.. Coadyuvante de la terapia antimicrobiana. En este caso administrar la dosis correspondiente, juntamente con el antibi\u00f3tico, en jeringas separadas. Indicado en afecciones locales donde es necesaria la prote\u00f3lisis de tejidos muertos (Cureta Biol\u00f3gica).<\/p>\n<p><strong>Presentaci\u00f3n:<\/strong><\/p>\n<ul>\n<li>Frasco x 100 ml.<\/li>\n<\/ul>\n<p>&nbsp;<\/p>\n<p>&nbsp;<\/p>\n","protected":false},"excerpt":{"rendered":"<p><strong>Descripci\u00f3n:<\/strong><\/p>\n<p>Antiinflamatorio enzim\u00e1tico. Inyectable.<\/p>\n<p><strong>Indicaciones:<\/strong><\/p>\n<p>Coadyuvante en el tratamiento de inflamaciones y edemas en general. Pericarditis traum\u00e1tica. Ulceras. Artritis supurativas. Queratoconjuntivitis. Osteomielitis, etc.. Coadyuvante de la terapia antimicrobiana. En este caso administrar la dosis correspondiente, juntamente con el antibi\u00f3tico, en jeringas separadas. Indicado en afecciones locales donde es necesaria la prote\u00f3lisis de tejidos muertos (Cureta Biol\u00f3gica).<\/p>\n<p><strong>Presentaci\u00f3n:<\/strong><\/p>\n<ul>\n<li>Frasco x 100 ml.<\/li>\n<\/ul>\n","protected":false},"featured_media":560,"template":"","meta":[],"product_cat":[19,28,41],"product_tag":[44,38,42,78],"_links":{"self":[{"href":"https:\/\/tiendabaldini.com.ar\/index.php\/wp-json\/wp\/v2\/product\/559"}],"collection":[{"href":"https:\/\/tiendabaldini.com.ar\/index.php\/wp-json\/wp\/v2\/product"}],"about":[{"href":"https:\/\/tiendabaldini.com.ar\/index.php\/wp-json\/wp\/v2\/types\/product"}],"wp:featuredmedia":[{"embeddable":true,"href":"https:\/\/tiendabaldini.com.ar\/index.php\/wp-json\/wp\/v2\/media\/560"}],"wp:attachment":[{"href":"https:\/\/tiendabaldini.com.ar\/index.php\/wp-json\/wp\/v2\/media?parent=559"}],"wp:term":[{"taxonomy":"product_cat","embeddable":true,"href":"https:\/\/tiendabaldini.com.ar\/index.php\/wp-json\/wp\/v2\/product_cat?post=559"},{"taxonomy":"product_tag","embeddable":true,"href":"https:\/\/tiendabaldini.com.ar\/index.php\/wp-json\/wp\/v2\/product_tag?post=559"}],"curies":[{"name":"wp","href":"https:\/\/api.w.org\/{rel}","templated":true}]}}