{"id":553,"date":"2022-02-21T04:47:31","date_gmt":"2022-02-21T04:47:31","guid":{"rendered":"http:\/\/tiendabaldini.com.ar\/?post_type=product&#038;p=553"},"modified":"2022-05-05T06:48:23","modified_gmt":"2022-05-05T06:48:23","slug":"cumethopan-b12-0013","status":"publish","type":"product","link":"https:\/\/tiendabaldini.com.ar\/index.php\/product\/cumethopan-b12-0013\/","title":{"rendered":"CUMETHOPAN B12 (0013)"},"content":{"rendered":"<p><strong>Descripci\u00f3n:<\/strong><\/p>\n<p>T\u00f3nico reconstituyente. Antian\u00e9mico total. Inyectable.<\/p>\n<p><strong>Indicaciones:<\/strong><\/p>\n<p>Prevenci\u00f3n y tratamiento de anemias de distintos or\u00edgenes (infecciosas, alimenticias, quir\u00fargicas, parasitarias). T\u00f3nico. Reconstituyente del metabolismo (inapetencia, debilidad). Trastornos cut\u00e1neos. Estimulante del apetito, como complemento alimenticio. Coadyuvante de las enfermedades hem\u00e1ticas.<\/p>\n<p><strong>Presentaci\u00f3n:<\/strong><\/p>\n<ul>\n<li>Frasco x 50 ml.<\/li>\n<\/ul>\n","protected":false},"excerpt":{"rendered":"<p><strong>Descripci\u00f3n:<\/strong><\/p>\n<p>T\u00f3nico reconstituyente. Antian\u00e9mico total. Inyectable.<\/p>\n<p><strong>Indicaciones:<\/strong><\/p>\n<p>Prevenci\u00f3n y tratamiento de anemias de distintos or\u00edgenes (infecciosas, alimenticias, quir\u00fargicas, parasitarias). T\u00f3nico. Reconstituyente del metabolismo (inapetencia, debilidad). Trastornos cut\u00e1neos. Estimulante del apetito, como complemento alimenticio. Coadyuvante de las enfermedades hem\u00e1ticas.<\/p>\n<p><strong>Presentaci\u00f3n:<\/strong><\/p>\n<ul>\n<li>Frasco x 50 ml.<\/li>\n<\/ul>\n","protected":false},"featured_media":554,"template":"","meta":[],"product_cat":[19,41],"product_tag":[44,36,42,78],"_links":{"self":[{"href":"https:\/\/tiendabaldini.com.ar\/index.php\/wp-json\/wp\/v2\/product\/553"}],"collection":[{"href":"https:\/\/tiendabaldini.com.ar\/index.php\/wp-json\/wp\/v2\/product"}],"about":[{"href":"https:\/\/tiendabaldini.com.ar\/index.php\/wp-json\/wp\/v2\/types\/product"}],"wp:featuredmedia":[{"embeddable":true,"href":"https:\/\/tiendabaldini.com.ar\/index.php\/wp-json\/wp\/v2\/media\/554"}],"wp:attachment":[{"href":"https:\/\/tiendabaldini.com.ar\/index.php\/wp-json\/wp\/v2\/media?parent=553"}],"wp:term":[{"taxonomy":"product_cat","embeddable":true,"href":"https:\/\/tiendabaldini.com.ar\/index.php\/wp-json\/wp\/v2\/product_cat?post=553"},{"taxonomy":"product_tag","embeddable":true,"href":"https:\/\/tiendabaldini.com.ar\/index.php\/wp-json\/wp\/v2\/product_tag?post=553"}],"curies":[{"name":"wp","href":"https:\/\/api.w.org\/{rel}","templated":true}]}}