{"id":549,"date":"2022-02-21T04:38:02","date_gmt":"2022-02-21T04:38:02","guid":{"rendered":"http:\/\/tiendabaldini.com.ar\/?post_type=product&#038;p=549"},"modified":"2022-05-05T06:49:15","modified_gmt":"2022-05-05T06:49:15","slug":"cumepina-x-100-ml-0012","status":"publish","type":"product","link":"https:\/\/tiendabaldini.com.ar\/index.php\/product\/cumepina-x-100-ml-0012\/","title":{"rendered":"CUMEPINA x 100 ML (0012)"},"content":{"rendered":"<p><strong>Descripci\u00f3n:<\/strong><\/p>\n<p>Analg\u00e9sico espasmol\u00edtico. Soluci\u00f3n inyectable.<\/p>\n<p><strong>Indicaciones:<\/strong><\/p>\n<p>Obstrucciones esof\u00e1gicas. Diarreas. C\u00f3licos espasm\u00f3dicos. C\u00f3licos hep\u00e1ticos. Gastroenteritis. V\u00f3mitos. Espasmos del sistema urogenital. Oclusi\u00f3n intestinal funcional.<\/p>\n<p><strong>Presentaci\u00f3n:<\/strong><\/p>\n<ul>\n<li>Frasco x 100 ml.<\/li>\n<\/ul>\n<p>&nbsp;<\/p>\n<p>&nbsp;<\/p>\n","protected":false},"excerpt":{"rendered":"<p><strong>Descripci\u00f3n:<\/strong><\/p>\n<p>Analg\u00e9sico espasmol\u00edtico. Soluci\u00f3n inyectable.<\/p>\n<p><strong>Indicaciones:<\/strong><\/p>\n<p>Obstrucciones esof\u00e1gicas. Diarreas. C\u00f3licos espasm\u00f3dicos. C\u00f3licos hep\u00e1ticos. Gastroenteritis. V\u00f3mitos. Espasmos del sistema urogenital. Oclusi\u00f3n intestinal funcional.<\/p>\n<p><strong>Presentaci\u00f3n:<\/strong><\/p>\n<ul>\n<li>Frasco x 100 ml.<\/li>\n<\/ul>\n","protected":false},"featured_media":550,"template":"","meta":[],"product_cat":[19,28,41],"product_tag":[44,79,42,78],"_links":{"self":[{"href":"https:\/\/tiendabaldini.com.ar\/index.php\/wp-json\/wp\/v2\/product\/549"}],"collection":[{"href":"https:\/\/tiendabaldini.com.ar\/index.php\/wp-json\/wp\/v2\/product"}],"about":[{"href":"https:\/\/tiendabaldini.com.ar\/index.php\/wp-json\/wp\/v2\/types\/product"}],"wp:featuredmedia":[{"embeddable":true,"href":"https:\/\/tiendabaldini.com.ar\/index.php\/wp-json\/wp\/v2\/media\/550"}],"wp:attachment":[{"href":"https:\/\/tiendabaldini.com.ar\/index.php\/wp-json\/wp\/v2\/media?parent=549"}],"wp:term":[{"taxonomy":"product_cat","embeddable":true,"href":"https:\/\/tiendabaldini.com.ar\/index.php\/wp-json\/wp\/v2\/product_cat?post=549"},{"taxonomy":"product_tag","embeddable":true,"href":"https:\/\/tiendabaldini.com.ar\/index.php\/wp-json\/wp\/v2\/product_tag?post=549"}],"curies":[{"name":"wp","href":"https:\/\/api.w.org\/{rel}","templated":true}]}}