{"id":543,"date":"2022-02-21T04:26:20","date_gmt":"2022-02-21T04:26:20","guid":{"rendered":"http:\/\/tiendabaldini.com.ar\/?post_type=product&#038;p=543"},"modified":"2022-05-05T06:50:26","modified_gmt":"2022-05-05T06:50:26","slug":"combio-2000-fco-12-2926","status":"publish","type":"product","link":"https:\/\/tiendabaldini.com.ar\/index.php\/product\/combio-2000-fco-12-2926\/","title":{"rendered":"COMBIO 2000 (Fco 1+2) (2926)"},"content":{"rendered":"<p><strong>Descripci\u00f3n:<\/strong><\/p>\n<p>Complejo B con factor H3. Inyectable.<\/p>\n<p><strong>Indicaciones:<\/strong><\/p>\n<p>Animales sometidos a intenso desgaste f\u00edsico y an\u00edmico (caballos de carrera, salto, polo, etc.). Estados artr\u00edticos. Neuropat\u00edas. Atrofia muscular. Estados an\u00e9micos. Dolores de origen muscular, nerviosos, reum\u00e1ticos. En todos los casos donde est\u00e9 indicado el complejo B.<\/p>\n<p><strong>Presentaci\u00f3n:<\/strong><\/p>\n<ul>\n<li>Caja Combio N\u00ba 1 y Combio N\u00ba2 con 30 unidades de cada uno.<\/li>\n<\/ul>\n<p>&nbsp;<\/p>\n<p>&nbsp;<\/p>\n","protected":false},"excerpt":{"rendered":"<p><strong>Descripci\u00f3n:<\/strong><\/p>\n<p>Complejo B con factor H3. Inyectable.<\/p>\n<p><strong>Indicaciones:<\/strong><\/p>\n<p>Animales sometidos a intenso desgaste f\u00edsico y an\u00edmico (caballos de carrera, salto, polo, etc.). Estados artr\u00edticos. Neuropat\u00edas. Atrofia muscular. Estados an\u00e9micos. Dolores de origen muscular, nerviosos, reum\u00e1ticos. En todos los casos donde est\u00e9 indicado el complejo B.<\/p>\n<p><strong>Presentaci\u00f3n:<\/strong><\/p>\n<ul>\n<li>Caja Combio N\u00ba 1 y Combio N\u00ba2 con 30 unidades de cada uno.<\/li>\n<\/ul>\n<p>&nbsp;<\/p>\n","protected":false},"featured_media":544,"template":"","meta":[],"product_cat":[19,41],"product_tag":[44,77,42],"_links":{"self":[{"href":"https:\/\/tiendabaldini.com.ar\/index.php\/wp-json\/wp\/v2\/product\/543"}],"collection":[{"href":"https:\/\/tiendabaldini.com.ar\/index.php\/wp-json\/wp\/v2\/product"}],"about":[{"href":"https:\/\/tiendabaldini.com.ar\/index.php\/wp-json\/wp\/v2\/types\/product"}],"wp:featuredmedia":[{"embeddable":true,"href":"https:\/\/tiendabaldini.com.ar\/index.php\/wp-json\/wp\/v2\/media\/544"}],"wp:attachment":[{"href":"https:\/\/tiendabaldini.com.ar\/index.php\/wp-json\/wp\/v2\/media?parent=543"}],"wp:term":[{"taxonomy":"product_cat","embeddable":true,"href":"https:\/\/tiendabaldini.com.ar\/index.php\/wp-json\/wp\/v2\/product_cat?post=543"},{"taxonomy":"product_tag","embeddable":true,"href":"https:\/\/tiendabaldini.com.ar\/index.php\/wp-json\/wp\/v2\/product_tag?post=543"}],"curies":[{"name":"wp","href":"https:\/\/api.w.org\/{rel}","templated":true}]}}