{"id":541,"date":"2022-02-21T04:20:13","date_gmt":"2022-02-21T04:20:13","guid":{"rendered":"http:\/\/tiendabaldini.com.ar\/?post_type=product&#038;p=541"},"modified":"2022-05-05T06:50:47","modified_gmt":"2022-05-05T06:50:47","slug":"cofolic-0008","status":"publish","type":"product","link":"https:\/\/tiendabaldini.com.ar\/index.php\/product\/cofolic-0008\/","title":{"rendered":"COFOLIC (0008)"},"content":{"rendered":"<p><strong>Descripci\u00f3n:<\/strong><\/p>\n<p>Reconstituyente. Elevador del Hematocrito. Inyectable.<\/p>\n<p><strong>Indicaciones:<\/strong><\/p>\n<p>T\u00f3nico hem\u00e1tico general, estimulante de la funci\u00f3n hep\u00e1tica, mejorador de estado general.<\/p>\n<p><strong>Presentaci\u00f3n:<\/strong><\/p>\n<ul>\n<li>Frasco ampolla x 50 ml.<\/li>\n<\/ul>\n<p>&nbsp;<\/p>\n<p>&nbsp;<\/p>\n","protected":false},"excerpt":{"rendered":"<p><strong>Descripci\u00f3n:<\/strong><\/p>\n<p>Reconstituyente. Elevador del Hematocrito. Inyectable.<\/p>\n<p><strong>Indicaciones:<\/strong><\/p>\n<p>T\u00f3nico hem\u00e1tico general, estimulante de la funci\u00f3n hep\u00e1tica, mejorador de estado general.<\/p>\n<p><strong>Presentaci\u00f3n:<\/strong><\/p>\n<ul>\n<li>Frasco ampolla x 50 ml.<\/li>\n<\/ul>\n<p>&nbsp;<\/p>\n","protected":false},"featured_media":542,"template":"","meta":[],"product_cat":[19,41],"product_tag":[44,42,76],"_links":{"self":[{"href":"https:\/\/tiendabaldini.com.ar\/index.php\/wp-json\/wp\/v2\/product\/541"}],"collection":[{"href":"https:\/\/tiendabaldini.com.ar\/index.php\/wp-json\/wp\/v2\/product"}],"about":[{"href":"https:\/\/tiendabaldini.com.ar\/index.php\/wp-json\/wp\/v2\/types\/product"}],"wp:featuredmedia":[{"embeddable":true,"href":"https:\/\/tiendabaldini.com.ar\/index.php\/wp-json\/wp\/v2\/media\/542"}],"wp:attachment":[{"href":"https:\/\/tiendabaldini.com.ar\/index.php\/wp-json\/wp\/v2\/media?parent=541"}],"wp:term":[{"taxonomy":"product_cat","embeddable":true,"href":"https:\/\/tiendabaldini.com.ar\/index.php\/wp-json\/wp\/v2\/product_cat?post=541"},{"taxonomy":"product_tag","embeddable":true,"href":"https:\/\/tiendabaldini.com.ar\/index.php\/wp-json\/wp\/v2\/product_tag?post=541"}],"curies":[{"name":"wp","href":"https:\/\/api.w.org\/{rel}","templated":true}]}}