{"id":509,"date":"2022-01-27T15:24:17","date_gmt":"2022-01-27T15:24:17","guid":{"rendered":"http:\/\/tiendabaldini.com.ar\/?post_type=product&#038;p=509"},"modified":"2022-05-05T06:52:45","modified_gmt":"2022-05-05T06:52:45","slug":"curabichera-pasta-x-450-grs-2799","status":"publish","type":"product","link":"https:\/\/tiendabaldini.com.ar\/index.php\/product\/curabichera-pasta-x-450-grs-2799\/","title":{"rendered":"CURABICHERA PASTA x 450 Grs (2799)"},"content":{"rendered":"<p><strong>Descripci\u00f3n:<\/strong><\/p>\n<p>DDVP. Cipermetrina. Cl. Benzalconio.<\/p>\n<p><strong>Indicaciones:<\/strong><\/p>\n<p>Acci\u00f3n residual, antimi\u00e1sico preventivo, repelente de moscas, antis\u00e9ptico t\u00f3pico.\u00a0Evita reinfecciones.<\/p>\n<p><strong>Presentaci\u00f3n:<\/strong><\/p>\n<ul>\n<li>Envase x 450 grs.<\/li>\n<li>Envase x 900 grs.<\/li>\n<\/ul>\n<p>&nbsp;<\/p>\n<p>&nbsp;<\/p>\n","protected":false},"excerpt":{"rendered":"<p><strong>Descripci\u00f3n:<\/strong><\/p>\n<p>DDVP \u2013 CIPERMETRINA \u2013 CL. BENZALCONIO<\/p>\n<p><strong>Indicaciones:<\/strong><\/p>\n<p>Acci\u00f3n residual, antimi\u00e1sico preventivo, repelente de moscas, antis\u00e9ptico t\u00f3pico.\u00a0Evita reinfecciones.<\/p>\n<p><strong>Presentaci\u00f3n:<\/strong><\/p>\n<ul>\n<li>Envase x 450 grs.<\/li>\n<li>Envase x 900 grs.<\/li>\n<\/ul>\n","protected":false},"featured_media":510,"template":"","meta":[],"product_cat":[19,29],"product_tag":[74,67],"_links":{"self":[{"href":"https:\/\/tiendabaldini.com.ar\/index.php\/wp-json\/wp\/v2\/product\/509"}],"collection":[{"href":"https:\/\/tiendabaldini.com.ar\/index.php\/wp-json\/wp\/v2\/product"}],"about":[{"href":"https:\/\/tiendabaldini.com.ar\/index.php\/wp-json\/wp\/v2\/types\/product"}],"wp:featuredmedia":[{"embeddable":true,"href":"https:\/\/tiendabaldini.com.ar\/index.php\/wp-json\/wp\/v2\/media\/510"}],"wp:attachment":[{"href":"https:\/\/tiendabaldini.com.ar\/index.php\/wp-json\/wp\/v2\/media?parent=509"}],"wp:term":[{"taxonomy":"product_cat","embeddable":true,"href":"https:\/\/tiendabaldini.com.ar\/index.php\/wp-json\/wp\/v2\/product_cat?post=509"},{"taxonomy":"product_tag","embeddable":true,"href":"https:\/\/tiendabaldini.com.ar\/index.php\/wp-json\/wp\/v2\/product_tag?post=509"}],"curies":[{"name":"wp","href":"https:\/\/api.w.org\/{rel}","templated":true}]}}