{"id":471,"date":"2022-01-27T13:50:47","date_gmt":"2022-01-27T13:50:47","guid":{"rendered":"http:\/\/tiendabaldini.com.ar\/?post_type=product&#038;p=471"},"modified":"2022-01-27T13:55:11","modified_gmt":"2022-01-27T13:55:11","slug":"martillo-forjar-950-grs-3767","status":"publish","type":"product","link":"https:\/\/tiendabaldini.com.ar\/index.php\/product\/martillo-forjar-950-grs-3767\/","title":{"rendered":"MARTILLO FORJAR 950 Grs. (3767)"},"content":{"rendered":"<p><strong>Descripci\u00f3n:<\/strong><\/p>\n<p><span data-sheets-value=\"{&quot;1&quot;:2,&quot;2&quot;:&quot;Una cara lisa y otra redondeada para ajustar las herraduras con facilidad. El equilibrio estrat\u00e9gico entre la longitud del mango del martillo y el peso de la cabeza del martillo permite forjar sin esfuerzo con el m\u00e1ximo uso. El mango del martillo de ajuste preciso se fija con una cu\u00f1a de anillo de acero.&quot;}\" data-sheets-userformat=\"{&quot;2&quot;:769,&quot;3&quot;:{&quot;1&quot;:0},&quot;11&quot;:4,&quot;12&quot;:0}\">Una cara lisa y otra redondeada para ajustar las herraduras con facilidad. El equilibrio estrat\u00e9gico entre la longitud del mango del martillo y el peso de la cabeza del martillo permite forjar sin esfuerzo con el m\u00e1ximo uso. El mango del martillo de ajuste preciso se fija con una cu\u00f1a de anillo de acero.<\/span><\/p>\n<ul>\n<li>950 grs.<\/li>\n<\/ul>\n","protected":false},"excerpt":{"rendered":"<p><strong>Descripci\u00f3n:<\/strong><\/p>\n<p><span data-sheets-value=\"{&quot;1&quot;:2,&quot;2&quot;:&quot;Una cara lisa y otra redondeada para ajustar las herraduras con facilidad. El equilibrio estrat\u00e9gico entre la longitud del mango del martillo y el peso de la cabeza del martillo permite forjar sin esfuerzo con el m\u00e1ximo uso. El mango del martillo de ajuste preciso se fija con una cu\u00f1a de anillo de acero.&quot;}\" data-sheets-userformat=\"{&quot;2&quot;:769,&quot;3&quot;:{&quot;1&quot;:0},&quot;11&quot;:4,&quot;12&quot;:0}\">Una cara lisa y otra redondeada para ajustar las herraduras con facilidad. El equilibrio estrat\u00e9gico entre la longitud del mango del martillo y el peso de la cabeza del martillo permite forjar sin esfuerzo con el m\u00e1ximo uso. El mango del martillo de ajuste preciso se fija con una cu\u00f1a de anillo de acero.<\/span><\/p>\n","protected":false},"featured_media":472,"template":"","meta":[],"product_cat":[20,23],"product_tag":[68,67],"_links":{"self":[{"href":"https:\/\/tiendabaldini.com.ar\/index.php\/wp-json\/wp\/v2\/product\/471"}],"collection":[{"href":"https:\/\/tiendabaldini.com.ar\/index.php\/wp-json\/wp\/v2\/product"}],"about":[{"href":"https:\/\/tiendabaldini.com.ar\/index.php\/wp-json\/wp\/v2\/types\/product"}],"wp:featuredmedia":[{"embeddable":true,"href":"https:\/\/tiendabaldini.com.ar\/index.php\/wp-json\/wp\/v2\/media\/472"}],"wp:attachment":[{"href":"https:\/\/tiendabaldini.com.ar\/index.php\/wp-json\/wp\/v2\/media?parent=471"}],"wp:term":[{"taxonomy":"product_cat","embeddable":true,"href":"https:\/\/tiendabaldini.com.ar\/index.php\/wp-json\/wp\/v2\/product_cat?post=471"},{"taxonomy":"product_tag","embeddable":true,"href":"https:\/\/tiendabaldini.com.ar\/index.php\/wp-json\/wp\/v2\/product_tag?post=471"}],"curies":[{"name":"wp","href":"https:\/\/api.w.org\/{rel}","templated":true}]}}