{"id":461,"date":"2022-01-27T13:38:51","date_gmt":"2022-01-27T13:38:51","guid":{"rendered":"http:\/\/tiendabaldini.com.ar\/?post_type=product&#038;p=461"},"modified":"2022-01-27T13:38:51","modified_gmt":"2022-01-27T13:38:51","slug":"bolsa-porta-herramientas-1167","status":"publish","type":"product","link":"https:\/\/tiendabaldini.com.ar\/index.php\/product\/bolsa-porta-herramientas-1167\/","title":{"rendered":"BOLSA PORTA HERRAMIENTAS (1167)"},"content":{"rendered":"<p><strong>Descripci\u00f3n:<\/strong><\/p>\n<p>Bolsa de herramientas con compartimentos separados. Esto es particularmente importante para herramientas de corte, como escofinas, gubias y cuchillas. Esta bolsa se puede cerrar pr\u00e1ctica y f\u00e1cilmente con un cerrojo de viaje. Tiene dos asas para el transporte y est\u00e1 fabricada de nailon durable y resistente.<\/p>\n<ul>\n<li>1 unidad<\/li>\n<\/ul>\n","protected":false},"excerpt":{"rendered":"<p><strong>Descripci\u00f3n:<\/strong><\/p>\n<p>Bolsa de herramientas con compartimentos separados. Esto es particularmente importante para herramientas de corte, como escofinas, gubias y cuchillas. Esta bolsa se puede cerrar pr\u00e1ctica y f\u00e1cilmente con un cerrojo de viaje. Tiene dos asas para el transporte y est\u00e1 fabricada de nailon durable y resistente.<\/p>\n<ul>\n<li>1 unidad<\/li>\n<\/ul>\n","protected":false},"featured_media":464,"template":"","meta":[],"product_cat":[20,23],"product_tag":[68,67],"_links":{"self":[{"href":"https:\/\/tiendabaldini.com.ar\/index.php\/wp-json\/wp\/v2\/product\/461"}],"collection":[{"href":"https:\/\/tiendabaldini.com.ar\/index.php\/wp-json\/wp\/v2\/product"}],"about":[{"href":"https:\/\/tiendabaldini.com.ar\/index.php\/wp-json\/wp\/v2\/types\/product"}],"wp:featuredmedia":[{"embeddable":true,"href":"https:\/\/tiendabaldini.com.ar\/index.php\/wp-json\/wp\/v2\/media\/464"}],"wp:attachment":[{"href":"https:\/\/tiendabaldini.com.ar\/index.php\/wp-json\/wp\/v2\/media?parent=461"}],"wp:term":[{"taxonomy":"product_cat","embeddable":true,"href":"https:\/\/tiendabaldini.com.ar\/index.php\/wp-json\/wp\/v2\/product_cat?post=461"},{"taxonomy":"product_tag","embeddable":true,"href":"https:\/\/tiendabaldini.com.ar\/index.php\/wp-json\/wp\/v2\/product_tag?post=461"}],"curies":[{"name":"wp","href":"https:\/\/api.w.org\/{rel}","templated":true}]}}