{"id":457,"date":"2022-01-27T13:31:13","date_gmt":"2022-01-27T13:31:13","guid":{"rendered":"http:\/\/tiendabaldini.com.ar\/?post_type=product&#038;p=457"},"modified":"2022-05-05T06:40:39","modified_gmt":"2022-05-05T06:40:39","slug":"flunixine-x-50-ml-sport-horse-3921","status":"publish","type":"product","link":"https:\/\/tiendabaldini.com.ar\/index.php\/product\/flunixine-x-50-ml-sport-horse-3921\/","title":{"rendered":"FLUNIXINE X 50 ml (Sport Horse ) (3921)"},"content":{"rendered":"<p><strong>Descripci\u00f3n:<\/strong><\/p>\n<p>Analg\u00e9sico. Antifebril. Antiinflamatorio.<\/p>\n<p><strong>Indicaciones:<\/strong><\/p>\n<p>Previene shock endot\u00f3xico. Act\u00faa contra el dolor c\u00f3ico.<\/p>\n<p><strong>Presentaci\u00f3n:<\/strong><\/p>\n<ul>\n<li>Frasco x 50 ml.<\/li>\n<\/ul>\n","protected":false},"excerpt":{"rendered":"<p><strong>Descripci\u00f3n:<\/strong><\/p>\n<p>Analg\u00e9sico. Antifebril. Antiinflamatorio.<\/p>\n<p><strong>Indicaciones:<\/strong><\/p>\n<p>Previene shock endot\u00f3xico. Act\u00faa contra el dolor c\u00f3ico.<\/p>\n<p><strong>Presentaci\u00f3n:<\/strong><\/p>\n<ul>\n<li>Frasco x 50 ml.<\/li>\n<\/ul>\n","protected":false},"featured_media":459,"template":"","meta":[],"product_cat":[19,28,22],"product_tag":[42,63],"_links":{"self":[{"href":"https:\/\/tiendabaldini.com.ar\/index.php\/wp-json\/wp\/v2\/product\/457"}],"collection":[{"href":"https:\/\/tiendabaldini.com.ar\/index.php\/wp-json\/wp\/v2\/product"}],"about":[{"href":"https:\/\/tiendabaldini.com.ar\/index.php\/wp-json\/wp\/v2\/types\/product"}],"wp:featuredmedia":[{"embeddable":true,"href":"https:\/\/tiendabaldini.com.ar\/index.php\/wp-json\/wp\/v2\/media\/459"}],"wp:attachment":[{"href":"https:\/\/tiendabaldini.com.ar\/index.php\/wp-json\/wp\/v2\/media?parent=457"}],"wp:term":[{"taxonomy":"product_cat","embeddable":true,"href":"https:\/\/tiendabaldini.com.ar\/index.php\/wp-json\/wp\/v2\/product_cat?post=457"},{"taxonomy":"product_tag","embeddable":true,"href":"https:\/\/tiendabaldini.com.ar\/index.php\/wp-json\/wp\/v2\/product_tag?post=457"}],"curies":[{"name":"wp","href":"https:\/\/api.w.org\/{rel}","templated":true}]}}