{"id":380,"date":"2022-01-27T09:24:32","date_gmt":"2022-01-27T09:24:32","guid":{"rendered":"http:\/\/tiendabaldini.com.ar\/?post_type=product&#038;p=380"},"modified":"2022-05-05T06:32:04","modified_gmt":"2022-05-05T06:32:04","slug":"acindel-x-lt","status":"publish","type":"product","link":"https:\/\/tiendabaldini.com.ar\/index.php\/product\/acindel-x-lt\/","title":{"rendered":"ACINDEL X LT (0524)"},"content":{"rendered":"<p><strong>Descripci\u00f3n:<\/strong><\/p>\n<p>Antiparasitario externo pour-on a base de cipermetrina para bovinos, equinos, ovinos y porcinos. Su caracter\u00edstica m\u00e1s importante es la persistencia de su acci\u00f3n antiparasitaria y repelente, con prolongado poder residual.<\/p>\n<p><strong>Indicaciones:<\/strong><\/p>\n<p>Control y tratamiento de ectopar\u00e1sitos: piojos chupadores y masticadores, mosca de los cuernos, en bovinos, ovinos, equinos y porcinos.<\/p>\n<p><strong>Presentaci\u00f3n:<\/strong><\/p>\n<ul>\n<li>Envase x 1\u00a0 L.<\/li>\n<\/ul>\n","protected":false},"excerpt":{"rendered":"<p><strong>Descripci\u00f3n:<\/strong><\/p>\n<p>Antiparasitario externo pour-on a base de cipermetrina para bovinos, equinos, ovinos y porcinos. Su caracter\u00edstica m\u00e1s importante es la persistencia de su acci\u00f3n antiparasitaria y repelente, con prolongado poder residual.<\/p>\n<p><strong>Indicaciones:<\/strong><\/p>\n<p>Control y tratamiento de ectopar\u00e1sitos: piojos chupadores y masticadores, mosca de los cuernos, en bovinos, ovinos, equinos y porcinos.<\/p>\n<p><strong>Presentaci\u00f3n:<\/strong><\/p>\n<ul>\n<li>Envase x 1\u00a0 L.<\/li>\n<\/ul>\n","protected":false},"featured_media":396,"template":"","meta":[],"product_cat":[19,59],"product_tag":[57,54,42],"_links":{"self":[{"href":"https:\/\/tiendabaldini.com.ar\/index.php\/wp-json\/wp\/v2\/product\/380"}],"collection":[{"href":"https:\/\/tiendabaldini.com.ar\/index.php\/wp-json\/wp\/v2\/product"}],"about":[{"href":"https:\/\/tiendabaldini.com.ar\/index.php\/wp-json\/wp\/v2\/types\/product"}],"wp:featuredmedia":[{"embeddable":true,"href":"https:\/\/tiendabaldini.com.ar\/index.php\/wp-json\/wp\/v2\/media\/396"}],"wp:attachment":[{"href":"https:\/\/tiendabaldini.com.ar\/index.php\/wp-json\/wp\/v2\/media?parent=380"}],"wp:term":[{"taxonomy":"product_cat","embeddable":true,"href":"https:\/\/tiendabaldini.com.ar\/index.php\/wp-json\/wp\/v2\/product_cat?post=380"},{"taxonomy":"product_tag","embeddable":true,"href":"https:\/\/tiendabaldini.com.ar\/index.php\/wp-json\/wp\/v2\/product_tag?post=380"}],"curies":[{"name":"wp","href":"https:\/\/api.w.org\/{rel}","templated":true}]}}