{"id":368,"date":"2022-01-26T22:14:44","date_gmt":"2022-01-26T22:14:44","guid":{"rendered":"http:\/\/tiendabaldini.com.ar\/?post_type=product&#038;p=368"},"modified":"2022-01-27T11:49:01","modified_gmt":"2022-01-27T11:49:01","slug":"catosal-b-12-0099","status":"publish","type":"product","link":"https:\/\/tiendabaldini.com.ar\/index.php\/product\/catosal-b-12-0099\/","title":{"rendered":"CATOSAL B-12 (0099)"},"content":{"rendered":"<p><strong>Descripci\u00f3n:<\/strong><\/p>\n<p>Estimulante metab\u00f3lico a base de f\u00f3sforo org\u00e1nico. Inyectable.<\/p>\n<p><strong>Indicaciones:<\/strong><\/p>\n<p>Los compuestos de f\u00f3sforo\u00a0influyen sobre casi todos los procesos de asimilaci\u00f3n del organismo, por ello se les ha denominado estimulantes metab\u00f3licos; asimismo intervienen en un sin n\u00famero de reacciones enzim\u00e1ticas. Por su contenido de vitamina B12, Catosal fomenta el metabolismo de los carbohidratos y l\u00edpidos, de tal forma que influye favorablemente en el crecimiento corporal, en la formaci\u00f3n de gl\u00f3bulos rojos, y demuestra tambi\u00e9n una acci\u00f3n protectora del h\u00edgado.<\/p>\n<ul>\n<li>100 ml.<\/li>\n<\/ul>\n","protected":false},"excerpt":{"rendered":"<p><strong>Descripci\u00f3n:<\/strong><\/p>\n<p>Estimulante metab\u00f3lico a base de f\u00f3sforo org\u00e1nico. Inyectable.<\/p>\n<p><strong>Indicaciones:<\/strong><\/p>\n<p>Los compuestos de f\u00f3sforo\u00a0influyen sobre casi todos los procesos de asimilaci\u00f3n del organismo, por ello se les ha denominado estimulantes metab\u00f3licos; asimismo intervienen en un sin n\u00famero de reacciones enzim\u00e1ticas. Por su contenido de vitamina B12, Catosal fomenta el metabolismo de los carbohidratos y l\u00edpidos, de tal forma que influye favorablemente en el crecimiento corporal, en la formaci\u00f3n de gl\u00f3bulos rojos, y demuestra tambi\u00e9n una acci\u00f3n protectora del h\u00edgado.<\/p>\n<ul>\n<li>100 ml.<\/li>\n<\/ul>\n","protected":false},"featured_media":400,"template":"","meta":[],"product_cat":[19,53],"product_tag":[54,55,42,56],"_links":{"self":[{"href":"https:\/\/tiendabaldini.com.ar\/index.php\/wp-json\/wp\/v2\/product\/368"}],"collection":[{"href":"https:\/\/tiendabaldini.com.ar\/index.php\/wp-json\/wp\/v2\/product"}],"about":[{"href":"https:\/\/tiendabaldini.com.ar\/index.php\/wp-json\/wp\/v2\/types\/product"}],"wp:featuredmedia":[{"embeddable":true,"href":"https:\/\/tiendabaldini.com.ar\/index.php\/wp-json\/wp\/v2\/media\/400"}],"wp:attachment":[{"href":"https:\/\/tiendabaldini.com.ar\/index.php\/wp-json\/wp\/v2\/media?parent=368"}],"wp:term":[{"taxonomy":"product_cat","embeddable":true,"href":"https:\/\/tiendabaldini.com.ar\/index.php\/wp-json\/wp\/v2\/product_cat?post=368"},{"taxonomy":"product_tag","embeddable":true,"href":"https:\/\/tiendabaldini.com.ar\/index.php\/wp-json\/wp\/v2\/product_tag?post=368"}],"curies":[{"name":"wp","href":"https:\/\/api.w.org\/{rel}","templated":true}]}}