{"id":360,"date":"2022-01-26T21:49:28","date_gmt":"2022-01-26T21:49:28","guid":{"rendered":"http:\/\/tiendabaldini.com.ar\/?post_type=product&#038;p=360"},"modified":"2022-05-05T06:24:43","modified_gmt":"2022-05-05T06:24:43","slug":"derby-destete-bolsa-x-25-kg-4043","status":"publish","type":"product","link":"https:\/\/tiendabaldini.com.ar\/index.php\/product\/derby-destete-bolsa-x-25-kg-4043\/","title":{"rendered":"DERBY DESTETE Bolsa x 25 KG (4043)"},"content":{"rendered":"<p><strong>Descripci\u00f3n:<\/strong><\/p>\n<p>Suplemento Proteico Concentrado.<br \/>\nPosee una alta concentraci\u00f3n proteica, con la combinaci\u00f3n exacta de amino\u00e1cidos de alto valor biol\u00f3gico,\u00a0cuyas deficiencias limitan el crecimiento y afectan la calidad proteica en la leche, que en forma directa dificulta el crecimiento y el desarrollo del lactante.<\/p>\n<p><strong>Indicaciones:<\/strong><\/p>\n<p>Est\u00e1 especialmente dise\u00f1ado para poder cumplir con la alta exigencia nutricional que tienen los potrillos para poder expresar todo su potencial gen\u00e9tico. Su f\u00f3rmula CONCENTRADA aporta Energ\u00eda, Prote\u00ednas, Vitaminas y Minerales de manera efectiva a pesar de las bajas dosis utilizadas.<\/p>\n<p><strong>Presentaci\u00f3n:<\/strong><\/p>\n<ul>\n<li>25 Kg.<\/li>\n<\/ul>\n","protected":false},"excerpt":{"rendered":"<p><strong>Descripci\u00f3n:<\/strong><\/p>\n<p>Suplemento Proteico Concentrado.<br \/>\nPosee una alta concentraci\u00f3n proteica, con la combinaci\u00f3n exacta de amino\u00e1cidos de alto valor biol\u00f3gico,\u00a0cuyas deficiencias limitan el crecimiento y afectan la calidad proteica en la leche, que en forma directa dificulta el crecimiento y el desarrollo del lactante.<\/p>\n<p><strong>Indicaciones:<\/strong><\/p>\n<p>Est\u00e1 especialmente dise\u00f1ado para poder cumplir con la alta exigencia nutricional que tienen los potrillos para poder expresar todo su potencial gen\u00e9tico. Su f\u00f3rmula CONCENTRADA aporta Energ\u00eda, Prote\u00ednas, Vitaminas y Minerales de manera efectiva a pesar de las bajas dosis utilizadas.<\/p>\n<p><strong>Presentaci\u00f3n:<\/strong><\/p>\n<ul>\n<li>25 Kg.<\/li>\n<\/ul>\n","protected":false},"featured_media":419,"template":"","meta":[],"product_cat":[41],"product_tag":[47,50,48],"_links":{"self":[{"href":"https:\/\/tiendabaldini.com.ar\/index.php\/wp-json\/wp\/v2\/product\/360"}],"collection":[{"href":"https:\/\/tiendabaldini.com.ar\/index.php\/wp-json\/wp\/v2\/product"}],"about":[{"href":"https:\/\/tiendabaldini.com.ar\/index.php\/wp-json\/wp\/v2\/types\/product"}],"wp:featuredmedia":[{"embeddable":true,"href":"https:\/\/tiendabaldini.com.ar\/index.php\/wp-json\/wp\/v2\/media\/419"}],"wp:attachment":[{"href":"https:\/\/tiendabaldini.com.ar\/index.php\/wp-json\/wp\/v2\/media?parent=360"}],"wp:term":[{"taxonomy":"product_cat","embeddable":true,"href":"https:\/\/tiendabaldini.com.ar\/index.php\/wp-json\/wp\/v2\/product_cat?post=360"},{"taxonomy":"product_tag","embeddable":true,"href":"https:\/\/tiendabaldini.com.ar\/index.php\/wp-json\/wp\/v2\/product_tag?post=360"}],"curies":[{"name":"wp","href":"https:\/\/api.w.org\/{rel}","templated":true}]}}