{"id":357,"date":"2022-01-26T21:42:29","date_gmt":"2022-01-26T21:42:29","guid":{"rendered":"http:\/\/tiendabaldini.com.ar\/?post_type=product&#038;p=357"},"modified":"2022-05-05T06:24:28","modified_gmt":"2022-05-05T06:24:28","slug":"derby-block-x-4-kg-4046","status":"publish","type":"product","link":"https:\/\/tiendabaldini.com.ar\/index.php\/product\/derby-block-x-4-kg-4046\/","title":{"rendered":"DERBY BLOCK x 4 Kg (4046)"},"content":{"rendered":"<p><strong>Descripci\u00f3n:<\/strong><\/p>\n<p>Bloque mineral.<br \/>\nFormulado especialmente para aportar Sal y Oligoelementos necesarios para el buen metabolismo y equilibrar sus p\u00e9rdidas.<\/p>\n<p><strong>Indicaciones:\u00a0<\/strong><\/p>\n<p>Para todo tipo de caballo. Se puede usar en cualquier \u00e9poca del a\u00f1o y durante todo el a\u00f1o.<\/p>\n<p><strong>Presentaci\u00f3n:<\/strong><\/p>\n<ul>\n<li>4 kg.<\/li>\n<\/ul>\n","protected":false},"excerpt":{"rendered":"<p><strong>Descripci\u00f3n:<\/strong><\/p>\n<p>Bloque mineral.<br \/>\nFormulado especialmente para aportar Sal y Oligoelementos necesarios para el buen metabolismo y equilibrar sus p\u00e9rdidas.<\/p>\n<p><strong>Indicaciones:\u00a0<\/strong><\/p>\n<p>Para todo tipo de caballo. Se puede usar en cualquier \u00e9poca del a\u00f1o y durante todo el a\u00f1o.<\/p>\n<p><strong>Presentaci\u00f3n:<\/strong><\/p>\n<ul>\n<li>4 kg.<\/li>\n<\/ul>\n","protected":false},"featured_media":420,"template":"","meta":[],"product_cat":[41],"product_tag":[47,48],"_links":{"self":[{"href":"https:\/\/tiendabaldini.com.ar\/index.php\/wp-json\/wp\/v2\/product\/357"}],"collection":[{"href":"https:\/\/tiendabaldini.com.ar\/index.php\/wp-json\/wp\/v2\/product"}],"about":[{"href":"https:\/\/tiendabaldini.com.ar\/index.php\/wp-json\/wp\/v2\/types\/product"}],"wp:featuredmedia":[{"embeddable":true,"href":"https:\/\/tiendabaldini.com.ar\/index.php\/wp-json\/wp\/v2\/media\/420"}],"wp:attachment":[{"href":"https:\/\/tiendabaldini.com.ar\/index.php\/wp-json\/wp\/v2\/media?parent=357"}],"wp:term":[{"taxonomy":"product_cat","embeddable":true,"href":"https:\/\/tiendabaldini.com.ar\/index.php\/wp-json\/wp\/v2\/product_cat?post=357"},{"taxonomy":"product_tag","embeddable":true,"href":"https:\/\/tiendabaldini.com.ar\/index.php\/wp-json\/wp\/v2\/product_tag?post=357"}],"curies":[{"name":"wp","href":"https:\/\/api.w.org\/{rel}","templated":true}]}}