{"id":355,"date":"2022-01-26T21:35:14","date_gmt":"2022-01-26T21:35:14","guid":{"rendered":"http:\/\/tiendabaldini.com.ar\/?post_type=product&#038;p=355"},"modified":"2022-05-05T06:24:13","modified_gmt":"2022-05-05T06:24:13","slug":"azucar-terron-bolsita-x-15-u-1707","status":"publish","type":"product","link":"https:\/\/tiendabaldini.com.ar\/index.php\/product\/azucar-terron-bolsita-x-15-u-1707\/","title":{"rendered":"AZ\u00daCAR TERR\u00d3N Bolsita x 15 U (1707)"},"content":{"rendered":"<p><strong>Descripci\u00f3n:<\/strong><\/p>\n<p>Terrones de az\u00facar para caballos.<\/p>\n<p><strong>Presentaci\u00f3n:<\/strong><\/p>\n<ul>\n<li>Bolsas de 15 unidades<\/li>\n<\/ul>\n","protected":false},"excerpt":{"rendered":"<p><strong>Descripci\u00f3n:<\/strong><\/p>\n<p>Terrones de az\u00facar para caballos.<\/p>\n<p><strong>Presentaci\u00f3n:<\/strong><\/p>\n<ul>\n<li>Bolsas de 15 unidades<\/li>\n<\/ul>\n","protected":false},"featured_media":422,"template":"","meta":[],"product_cat":[41],"product_tag":[49,47,48],"_links":{"self":[{"href":"https:\/\/tiendabaldini.com.ar\/index.php\/wp-json\/wp\/v2\/product\/355"}],"collection":[{"href":"https:\/\/tiendabaldini.com.ar\/index.php\/wp-json\/wp\/v2\/product"}],"about":[{"href":"https:\/\/tiendabaldini.com.ar\/index.php\/wp-json\/wp\/v2\/types\/product"}],"wp:featuredmedia":[{"embeddable":true,"href":"https:\/\/tiendabaldini.com.ar\/index.php\/wp-json\/wp\/v2\/media\/422"}],"wp:attachment":[{"href":"https:\/\/tiendabaldini.com.ar\/index.php\/wp-json\/wp\/v2\/media?parent=355"}],"wp:term":[{"taxonomy":"product_cat","embeddable":true,"href":"https:\/\/tiendabaldini.com.ar\/index.php\/wp-json\/wp\/v2\/product_cat?post=355"},{"taxonomy":"product_tag","embeddable":true,"href":"https:\/\/tiendabaldini.com.ar\/index.php\/wp-json\/wp\/v2\/product_tag?post=355"}],"curies":[{"name":"wp","href":"https:\/\/api.w.org\/{rel}","templated":true}]}}