{"id":1844,"date":"2022-08-24T03:58:29","date_gmt":"2022-08-24T03:58:29","guid":{"rendered":"http:\/\/tiendabaldini.com.ar\/?post_type=product&#038;p=1844"},"modified":"2022-08-24T05:05:16","modified_gmt":"2022-08-24T05:05:16","slug":"tildren-caja-x-10-amp-laboquimica-4050","status":"publish","type":"product","link":"https:\/\/tiendabaldini.com.ar\/index.php\/product\/tildren-caja-x-10-amp-laboquimica-4050\/","title":{"rendered":"TILDREN (Caja x 10 amp) Laboquimica (4050)"},"content":{"rendered":"<p><strong>Descripci\u00f3n:<\/strong><\/p>\n<div class=\"product-short-description\">\n<div class=\"elementor-element elementor-element-b8764e1 elementor-widget elementor-widget-text-editor\" data-id=\"b8764e1\" data-element_type=\"widget\" data-widget_type=\"text-editor.default\">\n<div class=\"elementor-widget-container\">\u00c1cido tiludr\u00f3nico. Polvo y disolvente para soluci\u00f3n inyectable.<\/div>\n<\/div>\n<div><\/div>\n<div class=\"elementor-element elementor-element-78f4896b elementor-widget elementor-widget-toggle\" data-id=\"78f4896b\" data-element_type=\"widget\" data-widget_type=\"toggle.default\">\n<div class=\"elementor-widget-container\">\n<div class=\"elementor-toggle\" role=\"tablist\">\n<div class=\"elementor-toggle-item\">\n<div id=\"elementor-tab-title-2021\" class=\"elementor-tab-title\" role=\"tab\" data-tab=\"1\" aria-controls=\"elementor-tab-content-2021\" aria-expanded=\"false\"><strong>Indicaciones:<\/strong><\/div>\n<\/div>\n<\/div>\n<\/div>\n<\/div>\n<\/div>\n<p>Ayuda en el tratamiento de cojeras.<\/p>\n<p><strong>Presentaci\u00f3n:<\/strong><\/p>\n<ul>\n<li>Caja x 10 ampollas.<\/li>\n<\/ul>\n","protected":false},"excerpt":{"rendered":"<p><strong>Descripci\u00f3n:<\/strong><\/p>\n<div class=\"product-short-description\">\n<div class=\"elementor-element elementor-element-b8764e1 elementor-widget elementor-widget-text-editor\" data-id=\"b8764e1\" data-element_type=\"widget\" data-widget_type=\"text-editor.default\">\n<div class=\"elementor-widget-container\">\u00c1cido tiludr\u00f3nico. Polvo y disolvente para soluci\u00f3n inyectable.<\/div>\n<\/div>\n<div><\/div>\n<div class=\"elementor-element elementor-element-78f4896b elementor-widget elementor-widget-toggle\" data-id=\"78f4896b\" data-element_type=\"widget\" data-widget_type=\"toggle.default\">\n<div class=\"elementor-widget-container\">\n<div class=\"elementor-toggle\" role=\"tablist\">\n<div class=\"elementor-toggle-item\">\n<div id=\"elementor-tab-title-2021\" class=\"elementor-tab-title\" role=\"tab\" data-tab=\"1\" aria-controls=\"elementor-tab-content-2021\" aria-expanded=\"false\"><strong>Indicaciones:<\/strong><\/div>\n<\/div>\n<\/div>\n<\/div>\n<\/div>\n<\/div>\n<p>Ayuda en el tratamiento de cojeras.<\/p>\n<p><strong>Presentaci\u00f3n:<\/strong><\/p>\n<ul>\n<li>Caja x 10 ampollas.<\/li>\n<\/ul>\n","protected":false},"featured_media":1735,"template":"","meta":[],"product_cat":[426,196,19,28],"product_tag":[38,427],"_links":{"self":[{"href":"https:\/\/tiendabaldini.com.ar\/index.php\/wp-json\/wp\/v2\/product\/1844"}],"collection":[{"href":"https:\/\/tiendabaldini.com.ar\/index.php\/wp-json\/wp\/v2\/product"}],"about":[{"href":"https:\/\/tiendabaldini.com.ar\/index.php\/wp-json\/wp\/v2\/types\/product"}],"wp:featuredmedia":[{"embeddable":true,"href":"https:\/\/tiendabaldini.com.ar\/index.php\/wp-json\/wp\/v2\/media\/1735"}],"wp:attachment":[{"href":"https:\/\/tiendabaldini.com.ar\/index.php\/wp-json\/wp\/v2\/media?parent=1844"}],"wp:term":[{"taxonomy":"product_cat","embeddable":true,"href":"https:\/\/tiendabaldini.com.ar\/index.php\/wp-json\/wp\/v2\/product_cat?post=1844"},{"taxonomy":"product_tag","embeddable":true,"href":"https:\/\/tiendabaldini.com.ar\/index.php\/wp-json\/wp\/v2\/product_tag?post=1844"}],"curies":[{"name":"wp","href":"https:\/\/api.w.org\/{rel}","templated":true}]}}