{"id":1838,"date":"2022-08-24T03:30:56","date_gmt":"2022-08-24T03:30:56","guid":{"rendered":"http:\/\/tiendabaldini.com.ar\/?post_type=product&#038;p=1838"},"modified":"2022-08-24T03:38:31","modified_gmt":"2022-08-24T03:38:31","slug":"restore-707-x-5-lbs-laboquimica-0872","status":"publish","type":"product","link":"https:\/\/tiendabaldini.com.ar\/index.php\/product\/restore-707-x-5-lbs-laboquimica-0872\/","title":{"rendered":"RESTORE (707) x 5 Lbs Laboquimica (0872)"},"content":{"rendered":"<p><strong>Descripci\u00f3n:<\/strong><\/p>\n<div class=\"product-short-description\">\n<p>Suplemento Mineral. Electrolito.<\/p>\n<p><strong>Indicaciones:<\/strong><\/p>\n<\/div>\n<p>Ayuda a recuperar los minerales perdidos a trav\u00e9s del sudor. Acci\u00f3n bacteriana en el intestino grueso mejora significativamente la digesti\u00f3n y la eficiencia de la comida.<\/p>\n<p><strong>Presentaci\u00f3n:<\/strong><\/p>\n<ul>\n<li>Envase<\/li>\n<\/ul>\n","protected":false},"excerpt":{"rendered":"<p><strong>Descripci\u00f3n:<\/strong><\/p>\n<div class=\"product-short-description\">\n<p>Suplemento Mineral. Electrolito.<\/p>\n<p><strong>Indicaciones:<\/strong><\/p>\n<\/div>\n<p>Ayuda a recuperar los minerales perdidos a trav\u00e9s del sudor. Acci\u00f3n bacteriana en el intestino grueso mejora significativamente la digesti\u00f3n y la eficiencia de la comida.<\/p>\n<p><strong>Presentaci\u00f3n:<\/strong><\/p>\n<ul>\n<li>Envase<\/li>\n<\/ul>\n","protected":false},"featured_media":1740,"template":"","meta":[],"product_cat":[426,196,222,224],"product_tag":[432,111,427,128,48],"_links":{"self":[{"href":"https:\/\/tiendabaldini.com.ar\/index.php\/wp-json\/wp\/v2\/product\/1838"}],"collection":[{"href":"https:\/\/tiendabaldini.com.ar\/index.php\/wp-json\/wp\/v2\/product"}],"about":[{"href":"https:\/\/tiendabaldini.com.ar\/index.php\/wp-json\/wp\/v2\/types\/product"}],"wp:featuredmedia":[{"embeddable":true,"href":"https:\/\/tiendabaldini.com.ar\/index.php\/wp-json\/wp\/v2\/media\/1740"}],"wp:attachment":[{"href":"https:\/\/tiendabaldini.com.ar\/index.php\/wp-json\/wp\/v2\/media?parent=1838"}],"wp:term":[{"taxonomy":"product_cat","embeddable":true,"href":"https:\/\/tiendabaldini.com.ar\/index.php\/wp-json\/wp\/v2\/product_cat?post=1838"},{"taxonomy":"product_tag","embeddable":true,"href":"https:\/\/tiendabaldini.com.ar\/index.php\/wp-json\/wp\/v2\/product_tag?post=1838"}],"curies":[{"name":"wp","href":"https:\/\/api.w.org\/{rel}","templated":true}]}}