{"id":1834,"date":"2022-08-21T05:02:33","date_gmt":"2022-08-21T05:02:33","guid":{"rendered":"http:\/\/tiendabaldini.com.ar\/?post_type=product&#038;p=1834"},"modified":"2022-08-24T03:30:23","modified_gmt":"2022-08-24T03:30:23","slug":"psyllium-pellet-3-lb-laboquimica-1644","status":"publish","type":"product","link":"https:\/\/tiendabaldini.com.ar\/index.php\/product\/psyllium-pellet-3-lb-laboquimica-1644\/","title":{"rendered":"PSYLLIUM PELLET ( 3 LB) Laboquimica (1644)"},"content":{"rendered":"<p><strong>Descripci\u00f3n:<\/strong><\/p>\n<div class=\"product-short-description\">\n<p>Suplemento de fibra dietaria para equinos alimentados sobre pasturas cortas y secas. C\u00e1scara de semilla de pl\u00e1ntago de Psyllium natural en un pelleteado f\u00e1cil de suministrar.<\/p>\n<p><strong>Indicaciones:<\/strong><\/p>\n<\/div>\n<p>Ayuda a promover la funcionalidad del sistema digestivo. Prevenci\u00f3n de c\u00f3licos por consumo de arena, tierra y forraje de mala calidad.<\/p>\n<p><strong>Presentaci\u00f3n:<\/strong><\/p>\n<ul>\n<li>Envase<\/li>\n<\/ul>\n","protected":false},"excerpt":{"rendered":"<p><strong>Descripci\u00f3n:<\/strong><\/p>\n<div class=\"product-short-description\">\n<p>Suplemento de fibra dietaria para equinos alimentados sobre pasturas cortas y secas. C\u00e1scara de semilla de pl\u00e1ntago de Psyllium natural en un pelleteado f\u00e1cil de suministrar.<\/p>\n<p><strong>Indicaciones:<\/strong><\/p>\n<\/div>\n<p>Ayuda a promover la funcionalidad del sistema digestivo. Prevenci\u00f3n de c\u00f3licos por consumo de arena, tierra y forraje de mala calidad.<\/p>\n<p><strong>Presentaci\u00f3n:<\/strong><\/p>\n<ul>\n<li>Envase<\/li>\n<\/ul>\n","protected":false},"featured_media":1741,"template":"","meta":[],"product_cat":[426,196,222,224],"product_tag":[433,432,427,48],"_links":{"self":[{"href":"https:\/\/tiendabaldini.com.ar\/index.php\/wp-json\/wp\/v2\/product\/1834"}],"collection":[{"href":"https:\/\/tiendabaldini.com.ar\/index.php\/wp-json\/wp\/v2\/product"}],"about":[{"href":"https:\/\/tiendabaldini.com.ar\/index.php\/wp-json\/wp\/v2\/types\/product"}],"wp:featuredmedia":[{"embeddable":true,"href":"https:\/\/tiendabaldini.com.ar\/index.php\/wp-json\/wp\/v2\/media\/1741"}],"wp:attachment":[{"href":"https:\/\/tiendabaldini.com.ar\/index.php\/wp-json\/wp\/v2\/media?parent=1834"}],"wp:term":[{"taxonomy":"product_cat","embeddable":true,"href":"https:\/\/tiendabaldini.com.ar\/index.php\/wp-json\/wp\/v2\/product_cat?post=1834"},{"taxonomy":"product_tag","embeddable":true,"href":"https:\/\/tiendabaldini.com.ar\/index.php\/wp-json\/wp\/v2\/product_tag?post=1834"}],"curies":[{"name":"wp","href":"https:\/\/api.w.org\/{rel}","templated":true}]}}