{"id":1829,"date":"2022-08-21T04:06:21","date_gmt":"2022-08-21T04:06:21","guid":{"rendered":"http:\/\/tiendabaldini.com.ar\/?post_type=product&#038;p=1829"},"modified":"2022-08-21T04:17:11","modified_gmt":"2022-08-21T04:17:11","slug":"m-s-m-x-25-lb-707-125-kg-laboquimica-0868","status":"publish","type":"product","link":"https:\/\/tiendabaldini.com.ar\/index.php\/product\/m-s-m-x-25-lb-707-125-kg-laboquimica-0868\/","title":{"rendered":"M.S.M x 2,5 LB (707) (1,25 Kg) Laboquimica (0868)"},"content":{"rendered":"<p><strong>Descripci\u00f3n:<\/strong><\/p>\n<div class=\"product-short-description\">\n<p>Reconstituyente. Antiinflamatorio.<\/p>\n<p><strong>Indicaciones:<\/strong><\/p>\n<\/div>\n<p>Patolog\u00edas aguda y cr\u00f3nicas, tales como osteoartritis de carpo, tarso, oste\u00edtis en general, sesamoiditis, enfermedad del navicular, laminitis y otras. En el tratamiento de lesiones musculares, especialmente las del tren posterior del caballo. En ejemplares sometidos a cirug\u00edas \u00f3seas. En la cr\u00eda del equino.<\/p>\n<p><strong>Presentaci\u00f3n:<\/strong><\/p>\n<ul>\n<li>Envase x 2,5 L<\/li>\n<\/ul>\n","protected":false},"excerpt":{"rendered":"<p><strong>Descripci\u00f3n:<\/strong><\/p>\n<div class=\"product-short-description\">\n<p>Reconstituyente. Antiinflamatorio.<\/p>\n<p><strong>Indicaciones:<\/strong><\/p>\n<\/div>\n<p>Patolog\u00edas aguda y cr\u00f3nicas, tales como osteoartritis de carpo, tarso, oste\u00edtis en general, sesamoiditis, enfermedad del navicular, laminitis y otras. En el tratamiento de lesiones musculares, especialmente las del tren posterior del caballo. En ejemplares sometidos a cirug\u00edas \u00f3seas. En la cr\u00eda del equino.<\/p>\n<p><strong>Presentaci\u00f3n:<\/strong><\/p>\n<ul>\n<li>Envase x 2,5 L<\/li>\n<\/ul>\n","protected":false},"featured_media":1745,"template":"","meta":[],"product_cat":[426,196,19,28],"product_tag":[38,427,76],"_links":{"self":[{"href":"https:\/\/tiendabaldini.com.ar\/index.php\/wp-json\/wp\/v2\/product\/1829"}],"collection":[{"href":"https:\/\/tiendabaldini.com.ar\/index.php\/wp-json\/wp\/v2\/product"}],"about":[{"href":"https:\/\/tiendabaldini.com.ar\/index.php\/wp-json\/wp\/v2\/types\/product"}],"wp:featuredmedia":[{"embeddable":true,"href":"https:\/\/tiendabaldini.com.ar\/index.php\/wp-json\/wp\/v2\/media\/1745"}],"wp:attachment":[{"href":"https:\/\/tiendabaldini.com.ar\/index.php\/wp-json\/wp\/v2\/media?parent=1829"}],"wp:term":[{"taxonomy":"product_cat","embeddable":true,"href":"https:\/\/tiendabaldini.com.ar\/index.php\/wp-json\/wp\/v2\/product_cat?post=1829"},{"taxonomy":"product_tag","embeddable":true,"href":"https:\/\/tiendabaldini.com.ar\/index.php\/wp-json\/wp\/v2\/product_tag?post=1829"}],"curies":[{"name":"wp","href":"https:\/\/api.w.org\/{rel}","templated":true}]}}