{"id":1757,"date":"2022-05-28T14:47:16","date_gmt":"2022-05-28T14:47:16","guid":{"rendered":"http:\/\/tiendabaldini.com.ar\/?post_type=product&#038;p=1757"},"modified":"2022-08-21T04:22:58","modified_gmt":"2022-08-21T04:22:58","slug":"infosure-x-25-kg-laboquimica-1709","status":"publish","type":"product","link":"https:\/\/tiendabaldini.com.ar\/index.php\/product\/infosure-x-25-kg-laboquimica-1709\/","title":{"rendered":"INFOSURE x 25 Kg Laboquimica (1709)"},"content":{"rendered":"<p><strong>Descripci\u00f3n:<\/strong><\/p>\n<div class=\"product-short-description\">\n<p>Suplemento destinado a reparar cascos da\u00f1ados por laminitis. Aporta fibra de calidad y promueve la oxigenaci\u00f3n laminar.<\/p>\n<p><strong>Indicaciones:<\/strong><\/p>\n<\/div>\n<p>Para reparar el casco, reducir el dolor e inflamaci\u00f3n. Mejorar la circulaci\u00f3n sangu\u00ednea. Mantener el estado corporal del caballo y favorecer su digesti\u00f3n.<\/p>\n<p><strong>Presentaci\u00f3n:<\/strong><\/p>\n<ul>\n<li>Envase x 25 Kg.<\/li>\n<\/ul>\n","protected":false},"excerpt":{"rendered":"<p><strong>Descripci\u00f3n:<\/strong><\/p>\n<div class=\"product-short-description\">\n<p>Suplemento destinado a reparar cascos da\u00f1ados por laminitis. Aporta fibra de calidad y promueve la oxigenaci\u00f3n laminar.<\/p>\n<p><strong>Indicaciones:<\/strong><\/p>\n<\/div>\n<p>Para reparar el casco, reducir el dolor e inflamaci\u00f3n. Mejorar la circulaci\u00f3n sangu\u00ednea. Mantener el estado corporal del caballo y favorecer su digesti\u00f3n.<\/p>\n<p><strong>Presentaci\u00f3n:<\/strong><\/p>\n<ul>\n<li>Envase x 25 Kg.<\/li>\n<\/ul>\n","protected":false},"featured_media":1747,"template":"","meta":[],"product_cat":[426,196,222,224,19,28],"product_tag":[38,427,431,48],"_links":{"self":[{"href":"https:\/\/tiendabaldini.com.ar\/index.php\/wp-json\/wp\/v2\/product\/1757"}],"collection":[{"href":"https:\/\/tiendabaldini.com.ar\/index.php\/wp-json\/wp\/v2\/product"}],"about":[{"href":"https:\/\/tiendabaldini.com.ar\/index.php\/wp-json\/wp\/v2\/types\/product"}],"wp:featuredmedia":[{"embeddable":true,"href":"https:\/\/tiendabaldini.com.ar\/index.php\/wp-json\/wp\/v2\/media\/1747"}],"wp:attachment":[{"href":"https:\/\/tiendabaldini.com.ar\/index.php\/wp-json\/wp\/v2\/media?parent=1757"}],"wp:term":[{"taxonomy":"product_cat","embeddable":true,"href":"https:\/\/tiendabaldini.com.ar\/index.php\/wp-json\/wp\/v2\/product_cat?post=1757"},{"taxonomy":"product_tag","embeddable":true,"href":"https:\/\/tiendabaldini.com.ar\/index.php\/wp-json\/wp\/v2\/product_tag?post=1757"}],"curies":[{"name":"wp","href":"https:\/\/api.w.org\/{rel}","templated":true}]}}