{"id":1755,"date":"2022-05-28T14:37:21","date_gmt":"2022-05-28T14:37:21","guid":{"rendered":"http:\/\/tiendabaldini.com.ar\/?post_type=product&#038;p=1755"},"modified":"2022-05-28T14:38:44","modified_gmt":"2022-05-28T14:38:44","slug":"ginger-air-x-950-ml-laboquimica-2003","status":"publish","type":"product","link":"https:\/\/tiendabaldini.com.ar\/index.php\/product\/ginger-air-x-950-ml-laboquimica-2003\/","title":{"rendered":"GINGER AIR X 950 ML Laboquimica (2003)"},"content":{"rendered":"<p><strong>Descripci\u00f3n:<\/strong><\/p>\n<div class=\"product-short-description\">\n<p>Jarabe respiratorio. Miel, hedera helix, mentol y jengibre.<\/p>\n<p><strong>Indicaciones:<\/strong><\/p>\n<\/div>\n<p>Expectorante, mucol\u00edtico y descongestivo de las v\u00edas a\u00e9reas superiores.<\/p>\n<p><strong>Presentaci\u00f3n:<\/strong><\/p>\n<ul>\n<li>Envase x 950 ml.<\/li>\n<\/ul>\n","protected":false},"excerpt":{"rendered":"<p><strong>Descripci\u00f3n:<\/strong><\/p>\n<div class=\"product-short-description\">\n<p>Jarabe respiratorio. Miel, hedera helix, mentol y jengibre.<\/p>\n<p><strong>Indicaciones:<\/strong><\/p>\n<\/div>\n<p>Expectorante, mucol\u00edtico y descongestivo de las v\u00edas a\u00e9reas superiores.<\/p>\n<p><strong>Presentaci\u00f3n:<\/strong><\/p>\n<ul>\n<li>Envase x 950 ml.<\/li>\n<\/ul>\n","protected":false},"featured_media":1750,"template":"","meta":[],"product_cat":[426,196,191,19],"product_tag":[255,292,92,427,85],"_links":{"self":[{"href":"https:\/\/tiendabaldini.com.ar\/index.php\/wp-json\/wp\/v2\/product\/1755"}],"collection":[{"href":"https:\/\/tiendabaldini.com.ar\/index.php\/wp-json\/wp\/v2\/product"}],"about":[{"href":"https:\/\/tiendabaldini.com.ar\/index.php\/wp-json\/wp\/v2\/types\/product"}],"wp:featuredmedia":[{"embeddable":true,"href":"https:\/\/tiendabaldini.com.ar\/index.php\/wp-json\/wp\/v2\/media\/1750"}],"wp:attachment":[{"href":"https:\/\/tiendabaldini.com.ar\/index.php\/wp-json\/wp\/v2\/media?parent=1755"}],"wp:term":[{"taxonomy":"product_cat","embeddable":true,"href":"https:\/\/tiendabaldini.com.ar\/index.php\/wp-json\/wp\/v2\/product_cat?post=1755"},{"taxonomy":"product_tag","embeddable":true,"href":"https:\/\/tiendabaldini.com.ar\/index.php\/wp-json\/wp\/v2\/product_tag?post=1755"}],"curies":[{"name":"wp","href":"https:\/\/api.w.org\/{rel}","templated":true}]}}