{"id":1753,"date":"2022-05-28T14:24:38","date_gmt":"2022-05-28T14:24:38","guid":{"rendered":"http:\/\/tiendabaldini.com.ar\/?post_type=product&#038;p=1753"},"modified":"2022-05-28T14:40:19","modified_gmt":"2022-05-28T14:40:19","slug":"ginger-air-x-450-ml-laboquimica-1991","status":"publish","type":"product","link":"https:\/\/tiendabaldini.com.ar\/index.php\/product\/ginger-air-x-450-ml-laboquimica-1991\/","title":{"rendered":"GINGER AIR X 450 ML Laboquimica (1991)"},"content":{"rendered":"<p><strong>Descripci\u00f3n:<\/strong><\/p>\n<div class=\"product-short-description\">\n<p>Jarabe respiratorio. Miel, hedera helix, mentol y jengibre.<\/p>\n<p><strong>Indicaciones:<\/strong><\/p>\n<\/div>\n<p>Expectorante, mucol\u00edtico y descongestivo de las v\u00edas a\u00e9reas superiores.<\/p>\n<p><strong>Presentaci\u00f3n:<\/strong><\/p>\n<ul>\n<li>Envase x 450 ml.<\/li>\n<\/ul>\n","protected":false},"excerpt":{"rendered":"<p><strong>Descripci\u00f3n:<\/strong><\/p>\n<div class=\"product-short-description\">\n<p>Jarabe respiratorio. Miel, hedera helix, mentol y jengibre.<\/p>\n<p><strong>Indicaciones:<\/strong><\/p>\n<\/div>\n<p>Expectorante, mucol\u00edtico y descongestivo de las v\u00edas a\u00e9reas superiores.<\/p>\n<p><strong>Presentaci\u00f3n:<\/strong><\/p>\n<ul>\n<li>Envase x 450 ml.<\/li>\n<\/ul>\n","protected":false},"featured_media":1751,"template":"","meta":[],"product_cat":[426,196,191,19],"product_tag":[255,292,92,427,85],"_links":{"self":[{"href":"https:\/\/tiendabaldini.com.ar\/index.php\/wp-json\/wp\/v2\/product\/1753"}],"collection":[{"href":"https:\/\/tiendabaldini.com.ar\/index.php\/wp-json\/wp\/v2\/product"}],"about":[{"href":"https:\/\/tiendabaldini.com.ar\/index.php\/wp-json\/wp\/v2\/types\/product"}],"wp:featuredmedia":[{"embeddable":true,"href":"https:\/\/tiendabaldini.com.ar\/index.php\/wp-json\/wp\/v2\/media\/1751"}],"wp:attachment":[{"href":"https:\/\/tiendabaldini.com.ar\/index.php\/wp-json\/wp\/v2\/media?parent=1753"}],"wp:term":[{"taxonomy":"product_cat","embeddable":true,"href":"https:\/\/tiendabaldini.com.ar\/index.php\/wp-json\/wp\/v2\/product_cat?post=1753"},{"taxonomy":"product_tag","embeddable":true,"href":"https:\/\/tiendabaldini.com.ar\/index.php\/wp-json\/wp\/v2\/product_tag?post=1753"}],"curies":[{"name":"wp","href":"https:\/\/api.w.org\/{rel}","templated":true}]}}