{"id":1702,"date":"2022-05-23T00:50:29","date_gmt":"2022-05-23T00:50:29","guid":{"rendered":"http:\/\/tiendabaldini.com.ar\/?post_type=product&#038;p=1702"},"modified":"2022-05-28T12:05:04","modified_gmt":"2022-05-28T12:05:04","slug":"diafin-n-x-20-ml-2750","status":"publish","type":"product","link":"https:\/\/tiendabaldini.com.ar\/index.php\/product\/diafin-n-x-20-ml-2750\/","title":{"rendered":"DIAFIN N x 20 ml (2750)"},"content":{"rendered":"<p><strong>Descripci\u00f3n:<\/strong><\/p>\n<div class=\"product-short-description\">\n<p>Antibi\u00f3tico y antidiarreico modulador de la motilidad intestinal. Inyectable.<\/p>\n<p><strong>Indicaciones:<\/strong><\/p>\n<\/div>\n<p>Es la asociaci\u00f3n de Bencetimida, un potente anticolin\u00e9rgico y enrofloxacina, antibacteriano perteneciente al grupo de las quinolonas de tercer generaci\u00f3n. Est\u00e1 indicado en todo tipo de diarreas bacterianas o en las de origen vir\u00f3sico o parasitario complicadas con bacterias en caninos, felinos, bovinos, ovinos, porcinos y equinos.<\/p>\n<p><strong>Presentaci\u00f3n:<\/strong><\/p>\n<ul>\n<li>Frasco ampolla x 20 ml.<\/li>\n<\/ul>\n","protected":false},"excerpt":{"rendered":"<p><strong>Descripci\u00f3n:<\/strong><\/p>\n<div class=\"product-short-description\">\n<p>Antibi\u00f3tico y antidiarreico modulador de la motilidad intestinal. Inyectable.<\/p>\n<p><strong>Indicaciones:<\/strong><\/p>\n<\/div>\n<p>Es la asociaci\u00f3n de Bencetimida, un potente anticolin\u00e9rgico y enrofloxacina, antibacteriano perteneciente al grupo de las quinolonas de tercer generaci\u00f3n. Est\u00e1 indicado en todo tipo de diarreas bacterianas o en las de origen vir\u00f3sico o parasitario complicadas con bacterias en caninos, felinos, bovinos, ovinos, porcinos y equinos.<\/p>\n<p><strong>Presentaci\u00f3n:<\/strong><\/p>\n<ul>\n<li>Frasco ampolla x 20 ml.<\/li>\n<\/ul>\n","protected":false},"featured_media":1678,"template":"","meta":[],"product_cat":[420,196,19,29],"product_tag":[75,88,295,421],"_links":{"self":[{"href":"https:\/\/tiendabaldini.com.ar\/index.php\/wp-json\/wp\/v2\/product\/1702"}],"collection":[{"href":"https:\/\/tiendabaldini.com.ar\/index.php\/wp-json\/wp\/v2\/product"}],"about":[{"href":"https:\/\/tiendabaldini.com.ar\/index.php\/wp-json\/wp\/v2\/types\/product"}],"wp:featuredmedia":[{"embeddable":true,"href":"https:\/\/tiendabaldini.com.ar\/index.php\/wp-json\/wp\/v2\/media\/1678"}],"wp:attachment":[{"href":"https:\/\/tiendabaldini.com.ar\/index.php\/wp-json\/wp\/v2\/media?parent=1702"}],"wp:term":[{"taxonomy":"product_cat","embeddable":true,"href":"https:\/\/tiendabaldini.com.ar\/index.php\/wp-json\/wp\/v2\/product_cat?post=1702"},{"taxonomy":"product_tag","embeddable":true,"href":"https:\/\/tiendabaldini.com.ar\/index.php\/wp-json\/wp\/v2\/product_tag?post=1702"}],"curies":[{"name":"wp","href":"https:\/\/api.w.org\/{rel}","templated":true}]}}