{"id":1675,"date":"2022-05-05T09:26:50","date_gmt":"2022-05-05T09:26:50","guid":{"rendered":"http:\/\/tiendabaldini.com.ar\/?post_type=product&#038;p=1675"},"modified":"2022-05-05T09:43:23","modified_gmt":"2022-05-05T09:43:23","slug":"artrosan-equinos-hi-jet-x-2-ml","status":"publish","type":"product","link":"https:\/\/tiendabaldini.com.ar\/index.php\/product\/artrosan-equinos-hi-jet-x-2-ml\/","title":{"rendered":"ARTROSAN EQUINOS HI JET X 2 ML (3956)"},"content":{"rendered":"<p><strong>Descripci\u00f3n:<\/strong><\/p>\n<div class=\"product-short-description\">\n<p>Antiartr\u00f3sico. Antiartr\u00edtico. Posee propiedades antiinflamatorias, condroprotectoras y regeneradoras del cart\u00edlago articular. Inyectable.<\/p>\n<p><strong>Indicaciones:<\/strong><\/p>\n<\/div>\n<p>Esta indicado en el tratamiento de la enfermedad degenerativa articular en equinos: Artritis no infecciosa, osteoartrosis, hidrartrosis y otras artropat\u00edas degenerativas, condropat\u00edas, sinovitis y tendinitis.<\/p>\n<p><strong>Presentaci\u00f3n:<\/strong><\/p>\n<ul>\n<li>Estuche conteniendo una jeringa x 2 ml.<\/li>\n<\/ul>\n","protected":false},"excerpt":{"rendered":"<p><strong>Descripci\u00f3n:<\/strong><\/p>\n<div class=\"product-short-description\">\n<p>Antiartr\u00f3sico. Antiartr\u00edtico. Posee propiedades antiinflamatorias, condroprotectoras y regeneradoras del cart\u00edlago articular. Inyectable.<\/p>\n<p><strong>Indicaciones:<\/strong><\/p>\n<\/div>\n<p>Esta indicado en el tratamiento de la enfermedad degenerativa articular en equinos: Artritis no infecciosa, osteoartrosis, hidrartrosis y otras artropat\u00edas degenerativas, condropat\u00edas, sinovitis y tendinitis.<\/p>\n<p><strong>Presentaci\u00f3n:<\/strong><\/p>\n<ul>\n<li>Estuche conteniendo una jeringa x 2 ml.<\/li>\n<\/ul>\n","protected":false},"featured_media":1683,"template":"","meta":[],"product_cat":[420,196,19,28,32],"product_tag":[126,125,413,417,422,292,421],"_links":{"self":[{"href":"https:\/\/tiendabaldini.com.ar\/index.php\/wp-json\/wp\/v2\/product\/1675"}],"collection":[{"href":"https:\/\/tiendabaldini.com.ar\/index.php\/wp-json\/wp\/v2\/product"}],"about":[{"href":"https:\/\/tiendabaldini.com.ar\/index.php\/wp-json\/wp\/v2\/types\/product"}],"wp:featuredmedia":[{"embeddable":true,"href":"https:\/\/tiendabaldini.com.ar\/index.php\/wp-json\/wp\/v2\/media\/1683"}],"wp:attachment":[{"href":"https:\/\/tiendabaldini.com.ar\/index.php\/wp-json\/wp\/v2\/media?parent=1675"}],"wp:term":[{"taxonomy":"product_cat","embeddable":true,"href":"https:\/\/tiendabaldini.com.ar\/index.php\/wp-json\/wp\/v2\/product_cat?post=1675"},{"taxonomy":"product_tag","embeddable":true,"href":"https:\/\/tiendabaldini.com.ar\/index.php\/wp-json\/wp\/v2\/product_tag?post=1675"}],"curies":[{"name":"wp","href":"https:\/\/api.w.org\/{rel}","templated":true}]}}