{"id":1402,"date":"2022-05-04T09:20:02","date_gmt":"2022-05-04T09:20:02","guid":{"rendered":"http:\/\/tiendabaldini.com.ar\/?post_type=product&#038;p=1402"},"modified":"2022-05-05T05:06:45","modified_gmt":"2022-05-05T05:06:45","slug":"salix-x-10-ml-0846","status":"publish","type":"product","link":"https:\/\/tiendabaldini.com.ar\/index.php\/product\/salix-x-10-ml-0846\/","title":{"rendered":"SALIX X 10 ML (0846)"},"content":{"rendered":"<p><strong>Descripci\u00f3n:<\/strong><\/p>\n<div class=\"product-short-description\">\n<p>Diur\u00e9tico y Salur\u00e9tico.<\/p>\n<p><strong>Indicaciones:<\/strong><\/p>\n<\/div>\n<p>Terapia de edemas (edema pulmonar, cerebral, de la ubre, etc\u00e9tera), estasis venosa como consecuencia de insuficiencia cardiaca, ascitis, hidrot\u00f3rax, bronconeumon\u00eda, hidropericardio, etc\u00e9tera, en bovinos, equinos, perros y gatos.<\/p>\n<p><strong>Presentaci\u00f3n:<\/strong><\/p>\n<ul>\n<li>Frasco ampolla x 10 ml.<\/li>\n<\/ul>\n","protected":false},"excerpt":{"rendered":"<p><strong>Descripci\u00f3n:<\/strong><\/p>\n<div class=\"product-short-description\">\n<p>Diur\u00e9tico y Salur\u00e9tico.<\/p>\n<p><strong>Indicaciones:<\/strong><\/p>\n<\/div>\n<p>Terapia de edemas (edema pulmonar, cerebral, de la ubre, etc\u00e9tera), estasis venosa como consecuencia de insuficiencia cardiaca, ascitis, hidrot\u00f3rax, bronconeumon\u00eda, hidropericardio, etc\u00e9tera, en bovinos, equinos, perros y gatos.<\/p>\n<p><strong>Presentaci\u00f3n:<\/strong><\/p>\n<ul>\n<li>Frasco ampolla x 10 ml.<\/li>\n<\/ul>\n","protected":false},"featured_media":1403,"template":"","meta":[],"product_cat":[357,196,19,28],"product_tag":[358],"_links":{"self":[{"href":"https:\/\/tiendabaldini.com.ar\/index.php\/wp-json\/wp\/v2\/product\/1402"}],"collection":[{"href":"https:\/\/tiendabaldini.com.ar\/index.php\/wp-json\/wp\/v2\/product"}],"about":[{"href":"https:\/\/tiendabaldini.com.ar\/index.php\/wp-json\/wp\/v2\/types\/product"}],"wp:featuredmedia":[{"embeddable":true,"href":"https:\/\/tiendabaldini.com.ar\/index.php\/wp-json\/wp\/v2\/media\/1403"}],"wp:attachment":[{"href":"https:\/\/tiendabaldini.com.ar\/index.php\/wp-json\/wp\/v2\/media?parent=1402"}],"wp:term":[{"taxonomy":"product_cat","embeddable":true,"href":"https:\/\/tiendabaldini.com.ar\/index.php\/wp-json\/wp\/v2\/product_cat?post=1402"},{"taxonomy":"product_tag","embeddable":true,"href":"https:\/\/tiendabaldini.com.ar\/index.php\/wp-json\/wp\/v2\/product_tag?post=1402"}],"curies":[{"name":"wp","href":"https:\/\/api.w.org\/{rel}","templated":true}]}}