{"id":1400,"date":"2022-05-04T09:14:48","date_gmt":"2022-05-04T09:14:48","guid":{"rendered":"http:\/\/tiendabaldini.com.ar\/?post_type=product&#038;p=1400"},"modified":"2022-05-05T05:23:22","modified_gmt":"2022-05-05T05:23:22","slug":"regumate-x-1000-ml-1952","status":"publish","type":"product","link":"https:\/\/tiendabaldini.com.ar\/index.php\/product\/regumate-x-1000-ml-1952\/","title":{"rendered":"REGUMATE X 1000 ml (1952)"},"content":{"rendered":"<p><strong>Descripci\u00f3n:<\/strong><\/p>\n<div class=\"product-short-description\">\n<p>Regulador del ciclo estral para yeguas. Tratamiento hormonal. Oral.<\/p>\n<p><strong>Indicaciones:<\/strong><\/p>\n<\/div>\n<p>Inducir estro ovulatorio y\/o inducir actividad ov\u00e1rica c\u00edclica normal en yeguas con alguna actividad ov\u00e1rica durante la estaci\u00f3n reproductiva temprana. Tratamiento del Anestro por lactancia en ausencia de cuerpo luteo. Supresi\u00f3n de celo, en estro prolongado o en yeguas con ciclos normales. Control del ciclo en yeguas reproductoras para permitir el uso eficiente del padrillo.<\/p>\n<p><strong>Presentaci\u00f3n:<\/strong><\/p>\n<ul>\n<li>Envase x 1 L.<\/li>\n<\/ul>\n","protected":false},"excerpt":{"rendered":"<p><strong>Descripci\u00f3n:<\/strong><\/p>\n<div class=\"product-short-description\">\n<p>Regulador del ciclo estral para yeguas. Tratamiento hormonal. Oral.<\/p>\n<p><strong>Indicaciones:<\/strong><\/p>\n<\/div>\n<p>Inducir estro ovulatorio y\/o inducir actividad ov\u00e1rica c\u00edclica normal en yeguas con alguna actividad ov\u00e1rica durante la estaci\u00f3n reproductiva temprana. Tratamiento del Anestro por lactancia en ausencia de cuerpo luteo. Supresi\u00f3n de celo, en estro prolongado o en yeguas con ciclos normales. Control del ciclo en yeguas reproductoras para permitir el uso eficiente del padrillo.<\/p>\n<p><strong>Presentaci\u00f3n:<\/strong><\/p>\n<ul>\n<li>Envase x 1 L.<\/li>\n<\/ul>\n","protected":false},"featured_media":1401,"template":"","meta":[],"product_cat":[367,357,196,19],"product_tag":[358],"_links":{"self":[{"href":"https:\/\/tiendabaldini.com.ar\/index.php\/wp-json\/wp\/v2\/product\/1400"}],"collection":[{"href":"https:\/\/tiendabaldini.com.ar\/index.php\/wp-json\/wp\/v2\/product"}],"about":[{"href":"https:\/\/tiendabaldini.com.ar\/index.php\/wp-json\/wp\/v2\/types\/product"}],"wp:featuredmedia":[{"embeddable":true,"href":"https:\/\/tiendabaldini.com.ar\/index.php\/wp-json\/wp\/v2\/media\/1401"}],"wp:attachment":[{"href":"https:\/\/tiendabaldini.com.ar\/index.php\/wp-json\/wp\/v2\/media?parent=1400"}],"wp:term":[{"taxonomy":"product_cat","embeddable":true,"href":"https:\/\/tiendabaldini.com.ar\/index.php\/wp-json\/wp\/v2\/product_cat?post=1400"},{"taxonomy":"product_tag","embeddable":true,"href":"https:\/\/tiendabaldini.com.ar\/index.php\/wp-json\/wp\/v2\/product_tag?post=1400"}],"curies":[{"name":"wp","href":"https:\/\/api.w.org\/{rel}","templated":true}]}}