{"id":1389,"date":"2022-05-04T08:44:42","date_gmt":"2022-05-04T08:44:42","guid":{"rendered":"http:\/\/tiendabaldini.com.ar\/?post_type=product&#038;p=1389"},"modified":"2022-05-05T05:24:17","modified_gmt":"2022-05-05T05:24:17","slug":"lotagen-sol-x-100-ml-1350","status":"publish","type":"product","link":"https:\/\/tiendabaldini.com.ar\/index.php\/product\/lotagen-sol-x-100-ml-1350\/","title":{"rendered":"LOTAGEN SOL. x 100 ML (1350)"},"content":{"rendered":"<p><strong>Descripci\u00f3n:<\/strong><\/p>\n<div class=\"product-short-description\">\n<p>Cicatrizante, queratopl\u00e1stico. Bactericida y fungicida.<\/p>\n<p><strong>Indicaciones:<\/strong><\/p>\n<\/div>\n<p>En ginecolog\u00eda: esterilidad a consecuencia de endometritis, cervicitis, vaginitis, vestibulitis, urovagina, catarro uterino. Vibriosis genital. Tricomoniasis genital, cauterizaci\u00f3n de gl\u00e1ndulas mamarias accesorias.<br \/>\nEn obstetricia: hemorragias vaginales, heridas vaginales, aton\u00eda uterina post-parto, loqui\u00f3metra, retenci\u00f3n de secundinas, pi\u00f3metra puerperal.<br \/>\nEn cirug\u00edas: hemorragias en s\u00e1bana, heridas recientes o que curan mal, dermatitis cr\u00f3nica verrucosa, \u00falcera de pezu\u00f1a, panadizo. Quemaduras, otitis externa, forunculosis, eczemas, erosiones, etc.<\/p>\n<p><strong>Presentaci\u00f3n:<\/strong><\/p>\n<ul>\n<li>Frasco x 100 ml.<\/li>\n<\/ul>\n","protected":false},"excerpt":{"rendered":"<p><strong>Descripci\u00f3n:<\/strong><\/p>\n<div class=\"product-short-description\">\n<p>Cicatrizante, queratopl\u00e1stico. Bactericida y fungicida.<\/p>\n<p><strong>Indicaciones:<\/strong><\/p>\n<\/div>\n<p>En ginecolog\u00eda: esterilidad a consecuencia de endometritis, cervicitis, vaginitis, vestibulitis, urovagina, catarro uterino. Vibriosis genital. Tricomoniasis genital, cauterizaci\u00f3n de gl\u00e1ndulas mamarias accesorias.<br \/>\nEn obstetricia: hemorragias vaginales, heridas vaginales, aton\u00eda uterina post-parto, loqui\u00f3metra, retenci\u00f3n de secundinas, pi\u00f3metra puerperal.<br \/>\nEn cirug\u00edas: hemorragias en s\u00e1bana, heridas recientes o que curan mal, dermatitis cr\u00f3nica verrucosa, \u00falcera de pezu\u00f1a, panadizo. Quemaduras, otitis externa, forunculosis, eczemas, erosiones, etc.<\/p>\n<p><strong>Presentaci\u00f3n:<\/strong><\/p>\n<ul>\n<li>Frasco x 100 ml.<\/li>\n<\/ul>\n","protected":false},"featured_media":1390,"template":"","meta":[],"product_cat":[188,357,196,19,32],"product_tag":[368,106,369,358,333],"_links":{"self":[{"href":"https:\/\/tiendabaldini.com.ar\/index.php\/wp-json\/wp\/v2\/product\/1389"}],"collection":[{"href":"https:\/\/tiendabaldini.com.ar\/index.php\/wp-json\/wp\/v2\/product"}],"about":[{"href":"https:\/\/tiendabaldini.com.ar\/index.php\/wp-json\/wp\/v2\/types\/product"}],"wp:featuredmedia":[{"embeddable":true,"href":"https:\/\/tiendabaldini.com.ar\/index.php\/wp-json\/wp\/v2\/media\/1390"}],"wp:attachment":[{"href":"https:\/\/tiendabaldini.com.ar\/index.php\/wp-json\/wp\/v2\/media?parent=1389"}],"wp:term":[{"taxonomy":"product_cat","embeddable":true,"href":"https:\/\/tiendabaldini.com.ar\/index.php\/wp-json\/wp\/v2\/product_cat?post=1389"},{"taxonomy":"product_tag","embeddable":true,"href":"https:\/\/tiendabaldini.com.ar\/index.php\/wp-json\/wp\/v2\/product_tag?post=1389"}],"curies":[{"name":"wp","href":"https:\/\/api.w.org\/{rel}","templated":true}]}}