{"id":1385,"date":"2022-05-04T08:38:01","date_gmt":"2022-05-04T08:38:01","guid":{"rendered":"http:\/\/tiendabaldini.com.ar\/?post_type=product&#038;p=1385"},"modified":"2022-05-05T05:25:38","modified_gmt":"2022-05-05T05:25:38","slug":"intertocine-orastina-50-ml-0832","status":"publish","type":"product","link":"https:\/\/tiendabaldini.com.ar\/index.php\/product\/intertocine-orastina-50-ml-0832\/","title":{"rendered":"INTERTOCINE \/ORASTINA 50 ML (0832)"},"content":{"rendered":"<p><strong>Descripci\u00f3n:<\/strong><\/p>\n<div class=\"product-short-description\">\n<p>Oxitocina sint\u00e9tica. Inyectable.<\/p>\n<p><strong>Indicaciones:<\/strong><\/p>\n<\/div>\n<p>Para estimular las contracciones uterinas con el fin de facilitar el parto, para promover la involuci\u00f3n del \u00fatero posparto y como ayuda en la expulsi\u00f3n de placentas retenidas y detritus. Como ayuda en el control de la hemorragia posparto y para promover la bajada de leche en casos de agalactia.<\/p>\n<p><strong>Presentaci\u00f3n:<\/strong><\/p>\n<ul>\n<li>Frasco ampolla x 50 ml.<\/li>\n<\/ul>\n","protected":false},"excerpt":{"rendered":"<p><strong>Descripci\u00f3n:<\/strong><\/p>\n<div class=\"product-short-description\">\n<p>Oxitocina sint\u00e9tica. Inyectable.<\/p>\n<p><strong>Indicaciones:<\/strong><\/p>\n<\/div>\n<p>Para estimular las contracciones uterinas con el fin de facilitar el parto, para promover la involuci\u00f3n del \u00fatero posparto y como ayuda en la expulsi\u00f3n de placentas retenidas y detritus. Como ayuda en el control de la hemorragia posparto y para promover la bajada de leche en casos de agalactia.<\/p>\n<p><strong>Presentaci\u00f3n:<\/strong><\/p>\n<ul>\n<li>Frasco ampolla x 50 ml.<\/li>\n<\/ul>\n","protected":false},"featured_media":1386,"template":"","meta":[],"product_cat":[367,357,196,19],"product_tag":[365,358,366],"_links":{"self":[{"href":"https:\/\/tiendabaldini.com.ar\/index.php\/wp-json\/wp\/v2\/product\/1385"}],"collection":[{"href":"https:\/\/tiendabaldini.com.ar\/index.php\/wp-json\/wp\/v2\/product"}],"about":[{"href":"https:\/\/tiendabaldini.com.ar\/index.php\/wp-json\/wp\/v2\/types\/product"}],"wp:featuredmedia":[{"embeddable":true,"href":"https:\/\/tiendabaldini.com.ar\/index.php\/wp-json\/wp\/v2\/media\/1386"}],"wp:attachment":[{"href":"https:\/\/tiendabaldini.com.ar\/index.php\/wp-json\/wp\/v2\/media?parent=1385"}],"wp:term":[{"taxonomy":"product_cat","embeddable":true,"href":"https:\/\/tiendabaldini.com.ar\/index.php\/wp-json\/wp\/v2\/product_cat?post=1385"},{"taxonomy":"product_tag","embeddable":true,"href":"https:\/\/tiendabaldini.com.ar\/index.php\/wp-json\/wp\/v2\/product_tag?post=1385"}],"curies":[{"name":"wp","href":"https:\/\/api.w.org\/{rel}","templated":true}]}}