{"id":1383,"date":"2022-05-04T08:31:16","date_gmt":"2022-05-04T08:31:16","guid":{"rendered":"http:\/\/tiendabaldini.com.ar\/?post_type=product&#038;p=1383"},"modified":"2022-05-05T05:25:53","modified_gmt":"2022-05-05T05:25:53","slug":"estrumate-x-20-ml-1348","status":"publish","type":"product","link":"https:\/\/tiendabaldini.com.ar\/index.php\/product\/estrumate-x-20-ml-1348\/","title":{"rendered":"ESTRUMATE x 20 ml (1348)"},"content":{"rendered":"<p><strong>Descripci\u00f3n:<\/strong><\/p>\n<div class=\"product-short-description\">\n<p>Prostaglandina sint\u00e9tica. Inyectable.<\/p>\n<p><strong>Indicaciones:<\/strong><\/p>\n<\/div>\n<p>Esta indicado para el control de la reproducci\u00f3n. Celos silenciosos. Interrupci\u00f3n de la pre\u00f1ez. Eliminaci\u00f3n de fetos momificados. Tratamiento de pi\u00f3metras, endometritis. Quistes luteales. Inducci\u00f3n al parto. Luteol\u00edtico.<\/p>\n<p><strong>Presentaci\u00f3n:<\/strong><\/p>\n<ul>\n<li>Frasco ampolla x 20 ml (10 dosis de 2 ml).<\/li>\n<\/ul>\n","protected":false},"excerpt":{"rendered":"<p><strong>Descripci\u00f3n:<\/strong><\/p>\n<div class=\"product-short-description\">\n<p>Prostaglandina sint\u00e9tica. Inyectable.<\/p>\n<p><strong>Indicaciones:<\/strong><\/p>\n<\/div>\n<p>Esta indicado para el control de la reproducci\u00f3n. Celos silenciosos. Interrupci\u00f3n de la pre\u00f1ez. Eliminaci\u00f3n de fetos momificados. Tratamiento de pi\u00f3metras, endometritis. Quistes luteales. Inducci\u00f3n al parto. Luteol\u00edtico.<\/p>\n<p><strong>Presentaci\u00f3n:<\/strong><\/p>\n<ul>\n<li>Frasco ampolla x 20 ml (10 dosis de 2 ml).<\/li>\n<\/ul>\n","protected":false},"featured_media":1384,"template":"","meta":[],"product_cat":[367,357,196,19],"product_tag":[365,358,364],"_links":{"self":[{"href":"https:\/\/tiendabaldini.com.ar\/index.php\/wp-json\/wp\/v2\/product\/1383"}],"collection":[{"href":"https:\/\/tiendabaldini.com.ar\/index.php\/wp-json\/wp\/v2\/product"}],"about":[{"href":"https:\/\/tiendabaldini.com.ar\/index.php\/wp-json\/wp\/v2\/types\/product"}],"wp:featuredmedia":[{"embeddable":true,"href":"https:\/\/tiendabaldini.com.ar\/index.php\/wp-json\/wp\/v2\/media\/1384"}],"wp:attachment":[{"href":"https:\/\/tiendabaldini.com.ar\/index.php\/wp-json\/wp\/v2\/media?parent=1383"}],"wp:term":[{"taxonomy":"product_cat","embeddable":true,"href":"https:\/\/tiendabaldini.com.ar\/index.php\/wp-json\/wp\/v2\/product_cat?post=1383"},{"taxonomy":"product_tag","embeddable":true,"href":"https:\/\/tiendabaldini.com.ar\/index.php\/wp-json\/wp\/v2\/product_tag?post=1383"}],"curies":[{"name":"wp","href":"https:\/\/api.w.org\/{rel}","templated":true}]}}