{"id":1381,"date":"2022-05-04T08:24:25","date_gmt":"2022-05-04T08:24:25","guid":{"rendered":"http:\/\/tiendabaldini.com.ar\/?post_type=product&#038;p=1381"},"modified":"2022-05-05T05:26:15","modified_gmt":"2022-05-05T05:26:15","slug":"cacique-pasta-x-950-gr-0826","status":"publish","type":"product","link":"https:\/\/tiendabaldini.com.ar\/index.php\/product\/cacique-pasta-x-950-gr-0826\/","title":{"rendered":"CACIQUE PASTA x 950 GR (0826)"},"content":{"rendered":"<p><strong>Descripci\u00f3n:<\/strong><\/p>\n<div class=\"product-short-description\">\n<p>Antiparasitario externo. Curabicheras.<\/p>\n<p><strong>Indicaciones:<\/strong><\/p>\n<\/div>\n<p>Como antimi\u00e1sico. Para la prevenci\u00f3n y curaci\u00f3n de heridas recientes (castraci\u00f3n, descorne, se\u00f1alada, esquila) o ya agusanadas de los bovinos, ovinos, porcino o equinos.<\/p>\n<p><strong>Presentaci\u00f3n:<\/strong><\/p>\n<ul>\n<li>Pote 950 grs.<\/li>\n<\/ul>\n","protected":false},"excerpt":{"rendered":"<p><strong>Descripci\u00f3n:<\/strong><\/p>\n<div class=\"product-short-description\">\n<p>Antiparasitario externo. Curabicheras.<\/p>\n<p><strong>Indicaciones:<\/strong><\/p>\n<\/div>\n<p>Como antimi\u00e1sico. Para la prevenci\u00f3n y curaci\u00f3n de heridas recientes (castraci\u00f3n, descorne, se\u00f1alada, esquila) o ya agusanadas de los bovinos, ovinos, porcino o equinos.<\/p>\n<p><strong>Presentaci\u00f3n:<\/strong><\/p>\n<ul>\n<li>Pote 950 grs.<\/li>\n<\/ul>\n","protected":false},"featured_media":1382,"template":"","meta":[],"product_cat":[187,357,196,19],"product_tag":[363,57,362,358],"_links":{"self":[{"href":"https:\/\/tiendabaldini.com.ar\/index.php\/wp-json\/wp\/v2\/product\/1381"}],"collection":[{"href":"https:\/\/tiendabaldini.com.ar\/index.php\/wp-json\/wp\/v2\/product"}],"about":[{"href":"https:\/\/tiendabaldini.com.ar\/index.php\/wp-json\/wp\/v2\/types\/product"}],"wp:featuredmedia":[{"embeddable":true,"href":"https:\/\/tiendabaldini.com.ar\/index.php\/wp-json\/wp\/v2\/media\/1382"}],"wp:attachment":[{"href":"https:\/\/tiendabaldini.com.ar\/index.php\/wp-json\/wp\/v2\/media?parent=1381"}],"wp:term":[{"taxonomy":"product_cat","embeddable":true,"href":"https:\/\/tiendabaldini.com.ar\/index.php\/wp-json\/wp\/v2\/product_cat?post=1381"},{"taxonomy":"product_tag","embeddable":true,"href":"https:\/\/tiendabaldini.com.ar\/index.php\/wp-json\/wp\/v2\/product_tag?post=1381"}],"curies":[{"name":"wp","href":"https:\/\/api.w.org\/{rel}","templated":true}]}}