{"id":1374,"date":"2022-05-04T04:10:58","date_gmt":"2022-05-04T04:10:58","guid":{"rendered":"http:\/\/tiendabaldini.com.ar\/?post_type=product&#038;p=1374"},"modified":"2022-05-05T05:26:49","modified_gmt":"2022-05-05T05:26:49","slug":"banamine-iny-x-10-ml-1342","status":"publish","type":"product","link":"https:\/\/tiendabaldini.com.ar\/index.php\/product\/banamine-iny-x-10-ml-1342\/","title":{"rendered":"BANAMINE iny X 10 ml (1342)"},"content":{"rendered":"<p><strong>Descripci\u00f3n:<\/strong><\/p>\n<div class=\"product-short-description\">\n<p>Antiinflamatorio no esteroide, no narc\u00f3tico, analg\u00e9sico y antipir\u00e9tico. Principio activo es la meglumina de \ufb02unixin.<\/p>\n<p><strong>Indicaciones:<\/strong><\/p>\n<\/div>\n<p>Equinos: Alivio de lesiones inflamatorias del aparato locomotor: Miositis, Oste\u00edtis, Artritis, Tendinitis, Sinovitis, etc. C\u00f3licos: Alivio del dolor visceral asociado con la presentaci\u00f3n de c\u00f3licos.<\/p>\n<p>Porcinos: Tratamiento del s\u00edndrome Metritis-Mastitis-Agalaxia. Inflamaciones agudas y cr\u00f3nicas del aparato locomotor.<\/p>\n<p>Bovinos: Tratamiento de soporte en infecciones agudas (particularmente en el \u201cComplejo respiratorio bovino\u201d), para lograr la ca\u00edda de la fiebre y la reaparici\u00f3n del apetito. Diarreas neonatales del ternero. Tratamiento del dolor agudo causado por cirug\u00eda, heridas, etc. Vacas ca\u00eddas. Antiendot\u00f3xico.<\/p>\n<p><strong>Presentaci\u00f3n:<\/strong><\/p>\n<ul>\n<li>Frasco ampolla x 10 ml.<\/li>\n<\/ul>\n","protected":false},"excerpt":{"rendered":"<p><strong>Descripci\u00f3n:<\/strong><\/p>\n<div class=\"product-short-description\">\n<p>Antiinflamatorio no esteroide, no narc\u00f3tico, analg\u00e9sico y antipir\u00e9tico. Principio activo es la meglumina de \ufb02unixin.<\/p>\n<p><strong>Indicaciones:<\/strong><\/p>\n<\/div>\n<p>Equinos: Alivio de lesiones inflamatorias del aparato locomotor: Miositis, Oste\u00edtis, Artritis, Tendinitis, Sinovitis, etc. C\u00f3licos: Alivio del dolor visceral asociado con la presentaci\u00f3n de c\u00f3licos.<\/p>\n<p>Porcinos: Tratamiento del s\u00edndrome Metritis-Mastitis-Agalaxia. Inflamaciones agudas y cr\u00f3nicas del aparato locomotor.<\/p>\n<p>Bovinos: Tratamiento de soporte en infecciones agudas (particularmente en el \u201cComplejo respiratorio bovino\u201d), para lograr la ca\u00edda de la fiebre y la reaparici\u00f3n del apetito. Diarreas neonatales del ternero. Tratamiento del dolor agudo causado por cirug\u00eda, heridas, etc. Vacas ca\u00eddas. Antiendot\u00f3xico.<\/p>\n<p><strong>Presentaci\u00f3n:<\/strong><\/p>\n<ul>\n<li>Frasco ampolla x 10 ml.<\/li>\n<\/ul>\n","protected":false},"featured_media":1375,"template":"","meta":[],"product_cat":[357,196,19,28],"product_tag":[79,38,86,361,292,358,360],"_links":{"self":[{"href":"https:\/\/tiendabaldini.com.ar\/index.php\/wp-json\/wp\/v2\/product\/1374"}],"collection":[{"href":"https:\/\/tiendabaldini.com.ar\/index.php\/wp-json\/wp\/v2\/product"}],"about":[{"href":"https:\/\/tiendabaldini.com.ar\/index.php\/wp-json\/wp\/v2\/types\/product"}],"wp:featuredmedia":[{"embeddable":true,"href":"https:\/\/tiendabaldini.com.ar\/index.php\/wp-json\/wp\/v2\/media\/1375"}],"wp:attachment":[{"href":"https:\/\/tiendabaldini.com.ar\/index.php\/wp-json\/wp\/v2\/media?parent=1374"}],"wp:term":[{"taxonomy":"product_cat","embeddable":true,"href":"https:\/\/tiendabaldini.com.ar\/index.php\/wp-json\/wp\/v2\/product_cat?post=1374"},{"taxonomy":"product_tag","embeddable":true,"href":"https:\/\/tiendabaldini.com.ar\/index.php\/wp-json\/wp\/v2\/product_tag?post=1374"}],"curies":[{"name":"wp","href":"https:\/\/api.w.org\/{rel}","templated":true}]}}